{"id":867,"date":"2024-08-23T18:28:29","date_gmt":"2024-08-23T15:28:29","guid":{"rendered":"https:\/\/www.vytautasbelt.eu\/o-nas\/"},"modified":"2024-11-21T18:14:35","modified_gmt":"2024-11-21T16:14:35","slug":"o-nas","status":"publish","type":"page","link":"https:\/\/www.vytautasbelt.eu\/pl\/o-nas\/","title":{"rendered":"O nas"},"content":{"rendered":"<section class=\"l-section wpb_row height_medium\"><div class=\"l-section-h i-cf\"><div class=\"g-cols vc_row via_grid cols_1 laptops-cols_inherit tablets-cols_inherit mobiles-cols_1 valign_top type_default stacking_default\"><div class=\"wpb_column vc_column_container\"><div class=\"vc_column-inner\"><h1 class=\"w-text\"><span class=\"w-text-h\"><span class=\"w-text-value\">O projekcie<\/span><\/span><\/h1><\/div><\/div><\/div><\/div><\/section><section class=\"l-section wpb_row height_auto\"><div class=\"l-section-h i-cf\"><div class=\"g-cols vc_row via_grid cols_1 laptops-cols_inherit tablets-cols_inherit mobiles-cols_1 valign_top type_default stacking_default\"><div class=\"wpb_column vc_column_container\"><div class=\"vc_column-inner\"><div class=\"w-image us_custom_73c9dc32 align_none\"><a ref=\"magnificPopup\" href=\"https:\/\/www.vytautasbelt.eu\/wp-content\/uploads\/2024\/08\/1.jpg\" aria-label=\"1\" class=\"w-image-h\"><img decoding=\"async\" width=\"2340\" height=\"1244\" src=\"https:\/\/www.vytautasbelt.eu\/wp-content\/uploads\/2024\/08\/1.jpg\" class=\"attachment-full size-full\" alt=\"\" loading=\"lazy\" srcset=\"https:\/\/www.vytautasbelt.eu\/wp-content\/uploads\/2024\/08\/1.jpg 2340w, https:\/\/www.vytautasbelt.eu\/wp-content\/uploads\/2024\/08\/1-300x159.jpg 300w, https:\/\/www.vytautasbelt.eu\/wp-content\/uploads\/2024\/08\/1-1024x544.jpg 1024w\" sizes=\"auto, (max-width: 2340px) 100vw, 2340px\" \/><\/a><\/div><div class=\"w-separator size_medium\"><\/div><\/div><\/div><\/div><\/div><\/section><section class=\"l-section wpb_row height_auto\"><div class=\"l-section-h i-cf\"><div class=\"g-cols vc_row via_grid cols_1 laptops-cols_inherit tablets-cols_inherit mobiles-cols_1 valign_top type_default stacking_default\"><div class=\"wpb_column vc_column_container\"><div class=\"vc_column-inner\"><h4 class=\"w-text\"><span class=\"w-text-h\"><span class=\"w-text-value\">DGTRAN: Transformacja cyfrowa na rzecz budowania potencja\u0142u dziedzictwa kulturowego na Litwie, w Polsce i na Ukrainie<\/span><\/span><\/h4><div class=\"wpb_text_column\"><div class=\"wpb_wrapper\"><p>Witamy w naszym projekcie po\u015bwi\u0119conym digitalizacji dziedzictwa kulturowego zwi\u0105zanego z Witoldem Wielkim, wykorzystuj\u0105cym najnowocze\u015bniejsze technologie 3D i rozszerzonej rzeczywisto\u015bci. Ta inicjatywa obejmuje Ukrain\u0119, Polsk\u0119 i Litw\u0119, \u0142\u0105cz\u0105c miejsca i budynki o wsp\u00f3lnym znaczeniu historycznym. Witold Wielki jest interesuj\u0105c\u0105 i szanowan\u0105 postaci\u0105 na Litwie, Ukrainie i w Polsce, znan\u0105 ze swoich wyj\u0105tkowych rz\u0105d\u00f3w, kt\u00f3re sprzyja\u0142y wsp\u00f3\u0142pracy, tolerancji i wzajemnemu wsparciu r\u00f3\u017cnych kultur europejskich. Nasz zesp\u00f3\u0142 sk\u0142ada si\u0119 z organizacji oddolnych i instytucji z Ukrainy, Polski, Grecji i Litwy, kt\u00f3re s\u0105 zaanga\u017cowane w nap\u0119dzanie cyfrowej transformacji w sektorze dziedzictwa kulturowego i rozwijanie naszych mo\u017cliwo\u015bci cyfrowych. Projekt obejmuje tworzenie cyfrowych modeli historycznych budynk\u00f3w zwi\u0105zanych z Witoldem Wielkim; przyjazn\u0105 dla u\u017cytkownika stron\u0119 internetow\u0105 (w\u0142a\u015bnie j\u0105 odwiedzasz), kt\u00f3ra zapewnia bezp\u0142atny dost\u0119p do tych zdigitalizowanych obiekt\u00f3w wraz z ich anga\u017cuj\u0105cymi opisami; interaktywn\u0105 map\u0119 transnarodowego szlaku turystycznego \u0142\u0105cz\u0105cego wa\u017cne miejsca historyczne i kulturowe; aplikacj\u0119 mobiln\u0105, kt\u00f3ra umo\u017cliwia u\u017cytkownikom do\u015bwiadczenie rozszerzonej rzeczywisto\u015bci i wirtualn\u0105 \u201epodr\u00f3\u017c w czasie\u201d.<\/p>\n<\/div><\/div><\/div><\/div><\/div><\/div><\/section><section class=\"l-section wpb_row height_small\"><div class=\"l-section-h i-cf\"><div class=\"g-cols vc_row via_grid cols_2 laptops-cols_inherit tablets-cols_inherit mobiles-cols_1 valign_top type_default reversed stacking_default\"><div class=\"wpb_column vc_column_container\"><div class=\"vc_column-inner\"><div class=\"wpb_text_column\"><div class=\"wpb_wrapper\"><h4>Wybrali\u015bmy nazw\u0119 szlaku turystycznego \u201ePas Witolda\u201d z dw\u00f3ch powod\u00f3w:<\/h4>\n<p>Pas Witolda to s\u0142ynny \u015bredniowieczny skarb, kt\u00f3ry zosta\u0142 znaleziony we wsi Litwa, w zachodniej Bia\u0142orusi, na pocz\u0105tku lat 90 XX wieku. Jest to du\u017cy, poz\u0142acany, srebrny pas, kt\u00f3ry m\u00f3g\u0142 by\u0107 darem od Chanatu Krymskiego. Sta\u0142 si\u0119 znany jako Pas Witolda z powodu spekulacji, \u017ce m\u00f3g\u0142 nale\u017ce\u0107 do Wielkiego Ksi\u0119cia Witolda, chocia\u017c nie ma bezpo\u015brednich dowod\u00f3w na poparcie tego twierdzenia. Termin \u201epas\u201d w geografii oznacza \u201ezwykle pasowy region geograficzny, kt\u00f3ry wyr\u00f3\u017cnia si\u0119 pod pewnym wzgl\u0119dem\u201d. Projekt DGTRAN jest rozwijany w celu promowania wysokiej jako\u015bci tre\u015bci kulturalnych w Europie i poza ni\u0105, przyci\u0105gania wi\u0119kszej liczby turyst\u00f3w i wspierania wsp\u00f3\u0142pracy transgranicznej i dialogu mi\u0119dzykulturowego, wzmacniaj\u0105c wi\u0119zi kulturowe mi\u0119dzy naszymi narodami.<\/p>\n<p><strong>Do\u0142\u0105cz do nas i \u015bwi\u0119tuj oraz zachowaj bogate dziedzictwo kulturowe Witolda Wielkiego, wykorzystuj\u0105c innowacyjne technologie cyfrowe.<\/strong><br \/>\n<strong>Poznaj histori\u0119, ucz si\u0119 i nawi\u0105\u017c z ni\u0105 kontakt jak nigdy dot\u0105d!<\/strong><\/p>\n<\/div><\/div><div class=\"w-separator size_medium\"><\/div><\/div><\/div><div class=\"wpb_column vc_column_container type_sticky\"><div class=\"vc_column-inner\"><div class=\"w-image us_custom_73c9dc32 align_none\"><div class=\"w-image-h\"><img decoding=\"async\" width=\"1012\" height=\"926\" src=\"https:\/\/www.vytautasbelt.eu\/wp-content\/uploads\/2024\/08\/Znayomstvo-z-proektom-DGTRAN-ta-yoho-partneramy.jpeg\" class=\"attachment-large size-large\" alt=\"\" loading=\"lazy\" srcset=\"https:\/\/www.vytautasbelt.eu\/wp-content\/uploads\/2024\/08\/Znayomstvo-z-proektom-DGTRAN-ta-yoho-partneramy.jpeg 1012w, https:\/\/www.vytautasbelt.eu\/wp-content\/uploads\/2024\/08\/Znayomstvo-z-proektom-DGTRAN-ta-yoho-partneramy-300x275.jpeg 300w\" sizes=\"auto, (max-width: 1012px) 100vw, 1012px\" \/><\/div><\/div><div class=\"w-separator size_medium\"><\/div><\/div><\/div><\/div><\/div><\/section><section class=\"l-section wpb_row project-partners height_medium\"><div class=\"l-section-h i-cf\"><div class=\"g-cols vc_row via_grid cols_1 laptops-cols_inherit tablets-cols_inherit mobiles-cols_1 valign_middle type_default stacking_default\"><div class=\"wpb_column vc_column_container\"><div class=\"vc_column-inner\"><div class=\"w-separator hide_on_default hide_on_laptops hide_on_tablets size_medium\"><\/div><h2 class=\"w-text us_custom_d185582a\"><span class=\"w-text-h\"><span class=\"w-text-value\">Partnerzy projektu<\/span><\/span><\/h2><div class=\"wpb_text_column\"><div class=\"wpb_wrapper\"><p>Projekt \u201eDigital Transformation for Cultural Heritage Capacity Building in Lithuania, Poland, and Ukraine\u201d (DGTRAN), wspierany przez program Creative Europe Program, ma na celu cyfrow\u0105 ochron\u0119 i promocj\u0119 dziedzictwa kulturowego w trzech krajach. Koordynowany przez Volyn Foundation, projekt wykorzystuje innowacyjne technologie cyfrowe w celu zwi\u0119kszenia dost\u0119pno\u015bci i docenienia miejsc historycznych zwi\u0105zanych z Witoldem Wielkim.<\/p>\n<p>Ka\u017cdy partner wnosi do projektu unikalne mocne strony i wiedz\u0119 specjalistyczn\u0105, co gwarantuje kompleksowe podej\u015bcie do cyfrowej transformacji dziedzictwa kulturowego.<\/p>\n<p><strong>Wsp\u00f3\u0142praca ta nie tylko przyczynia si\u0119 do ochrony i promocji zabytk\u00f3w, ale tak\u017ce sprzyja wsp\u00f3\u0142pracy transgranicznej i turystyce kulturowej, wzbogacaj\u0105c europejski krajobraz kulturowy.<\/strong><\/p>\n<\/div><\/div><div class=\"w-separator size_large\"><\/div><div class=\"g-cols wpb_row via_grid cols_2-1 laptops-cols_inherit tablets-cols_inherit mobiles-cols_1 valign_top type_default stacking_default\" style=\"--gap:3rem;\" id=\"volyn-foundation\"><div class=\"wpb_column vc_column_container\"><div class=\"vc_column-inner\"><div class=\"wpb_text_column\"><div class=\"wpb_wrapper\"><h4>Fundacja Wo\u0142y\u0144ska (Ukraina)<\/h4>\n<p>Fundacja Wo\u0142y\u0144ska z siedzib\u0105 w \u0141ucku na Ukrainie zosta\u0142a za\u0142o\u017cona w 2017 r. z misj\u0105 zachowania i promowania dziedzictwa historycznego i kulturowego Wo\u0142ynia, rozwijania lokalnej turystyki, ochrony \u015brodowiska oraz wspierania wsp\u00f3\u0142pracy edukacyjnej i kulturalnej. Na przestrzeni lat Fundacja wdro\u017cy\u0142a wiele mi\u0119dzysektorowych projekt\u00f3w kulturalnych, w tym tworzenie tras turystycznych, prezentacje artystyczne i literackie oraz podcast po\u015bwi\u0119cony kulturze, przemys\u0142om kreatywnym i ochronie dziedzictwa. Dzia\u0142ania Fundacji maj\u0105 na celu integracj\u0119 dziedzictwa Ukrainy z szersz\u0105 europejsk\u0105 przestrzeni\u0105 kulturow\u0105 i stymulowanie wsp\u00f3\u0142pracy mi\u0119dzynarodowej.<\/p>\n<p>Zobacz wi\u0119cej: <a href=\"https:\/\/volynfoundation.org\/en\/\" target=\"_blank\" rel=\"noopener\">volynfoundation.org\/en<\/a><\/p>\n<\/div><\/div><\/div><\/div><div class=\"wpb_column vc_column_container partner-project-item\"><div class=\"vc_column-inner\"><div class=\"w-image us_custom_39598547 align_none\"><div class=\"w-image-h\"><img decoding=\"async\" width=\"810\" height=\"810\" src=\"https:\/\/www.vytautasbelt.eu\/wp-content\/uploads\/2024\/09\/Volyn-Foundation-Ukraine.jpg\" class=\"attachment-large size-large\" alt=\"\" loading=\"lazy\" srcset=\"https:\/\/www.vytautasbelt.eu\/wp-content\/uploads\/2024\/09\/Volyn-Foundation-Ukraine.jpg 810w, https:\/\/www.vytautasbelt.eu\/wp-content\/uploads\/2024\/09\/Volyn-Foundation-Ukraine-300x300.jpg 300w, https:\/\/www.vytautasbelt.eu\/wp-content\/uploads\/2024\/09\/Volyn-Foundation-Ukraine-150x150.jpg 150w\" sizes=\"auto, (max-width: 810px) 100vw, 810px\" \/><\/div><\/div><div class=\"w-separator size_small\"><\/div><h5 class=\"w-text\"><span class=\"w-text-h\"><span class=\"w-text-value\">Fundacja Wo\u0142y\u0144ska<\/span><\/span><\/h5><div class=\"w-text us_custom_6217dcc9\"><span class=\"w-text-h\"><span class=\"w-text-value\">\u0141uck, Ukraina &#8211; Koordynator<\/span><\/span><\/div><\/div><\/div><\/div><div class=\"w-separator size_large\"><\/div><div class=\"g-cols wpb_row via_grid cols_1-2 laptops-cols_inherit tablets-cols_inherit mobiles-cols_1 valign_top type_default reversed stacking_default\" style=\"--gap:3rem;\" id=\"ied\"><div class=\"wpb_column vc_column_container partner-project-item\"><div class=\"vc_column-inner\"><div class=\"w-image us_custom_39598547 align_none\"><div class=\"w-image-h\"><img decoding=\"async\" width=\"1024\" height=\"1024\" src=\"https:\/\/www.vytautasbelt.eu\/wp-content\/uploads\/2024\/09\/Institute-of-Entrepreneurship-Development-iED-Greece-1024x1024.jpg\" class=\"attachment-large size-large\" alt=\"\" loading=\"lazy\" srcset=\"https:\/\/www.vytautasbelt.eu\/wp-content\/uploads\/2024\/09\/Institute-of-Entrepreneurship-Development-iED-Greece-1024x1024.jpg 1024w, https:\/\/www.vytautasbelt.eu\/wp-content\/uploads\/2024\/09\/Institute-of-Entrepreneurship-Development-iED-Greece-300x300.jpg 300w, https:\/\/www.vytautasbelt.eu\/wp-content\/uploads\/2024\/09\/Institute-of-Entrepreneurship-Development-iED-Greece-150x150.jpg 150w, https:\/\/www.vytautasbelt.eu\/wp-content\/uploads\/2024\/09\/Institute-of-Entrepreneurship-Development-iED-Greece.jpg 1080w\" sizes=\"auto, (max-width: 1024px) 100vw, 1024px\" \/><\/div><\/div><div class=\"w-separator size_small\"><\/div><h5 class=\"w-text us_custom_54147587\"><span class=\"w-text-h\"><span class=\"w-text-value\">Instytut Rozwoju Przedsi\u0119biorczo\u015bci<\/span><\/span><\/h5><div class=\"w-text us_custom_6217dcc9\"><span class=\"w-text-h\"><span class=\"w-text-value\">Larissa, Grecja &#8211; Partner<\/span><\/span><\/div><\/div><\/div><div class=\"wpb_column vc_column_container us_custom_25eab73c\"><div class=\"vc_column-inner\"><div class=\"wpb_text_column\"><div class=\"wpb_wrapper\"><h4>Instytut Rozwoju Przedsi\u0119biorczo\u015bci (iED) (Grecja)<\/h4>\n<p>Institute of Entrepreneurship Development (iED) to grecka organizacja non-profit, kt\u00f3rej celem jest promowanie innowacji i wzmacnianie ducha przedsi\u0119biorczo\u015bci. Za\u0142o\u017cony w 2005 r. iED jest certyfikowanym Centrum Doskona\u0142o\u015bci w zakresie europejskiej przedsi\u0119biorczo\u015bci i cz\u0142onkiem katalogu Digital Innovation Hubs (DIH) Komisji Europejskiej. Organizacja prowadzi badania i dostarcza innowacyjne rozwi\u0105zania w celu wspierania przedsi\u0119biorczo\u015bci i zatrudnienia. Zaanga\u017cowanie iED w zr\u00f3wnowa\u017cony rozw\u00f3j i sp\u00f3jno\u015b\u0107 spo\u0142eczn\u0105 sprawia, \u017ce jest ona wa\u017cnym partnerem w projekcie DGTRAN, wnosz\u0105cym swoj\u0105 wiedz\u0119 specjalistyczn\u0105 w zakresie innowacji cyfrowych i przedsi\u0119biorczo\u015bci.<\/p>\n<p>Zobacz wi\u0119cej: <a href=\"https:\/\/ied.eu\/\" target=\"_blank\" rel=\"noopener\">ied.eu<\/a><\/p>\n<\/div><\/div><\/div><\/div><\/div><div class=\"w-separator size_large\"><\/div><div class=\"g-cols wpb_row via_grid cols_2-1 laptops-cols_inherit tablets-cols_inherit mobiles-cols_1 valign_top type_default stacking_default\" style=\"--gap:3rem;\" id=\"erii\"><div class=\"wpb_column vc_column_container\"><div class=\"vc_column-inner\"><div class=\"wpb_text_column\"><div class=\"wpb_wrapper\"><h4>Instytut Bada\u0144 i Innowacji Edukacyjnych (Litwa)<\/h4>\n<p>Instytut Bada\u0144 i Innowacji Edukacyjnych, za\u0142o\u017cony w 2021 roku, jest litewsk\u0105 organizacj\u0105 pozarz\u0105dow\u0105 non-profit. G\u0142\u00f3wnym celem fundacji jest zapewnienie dost\u0119pu do wysokiej jako\u015bci edukacji dla wszystkich, podnoszenie standard\u00f3w edukacyjnych oraz realizacja projekt\u00f3w zwi\u0105zanych z polityk\u0105 edukacyjn\u0105 we wsp\u00f3\u0142pracy z partnerami lokalnymi i mi\u0119dzynarodowymi. Skupienie instytutu na badaniach i innowacjach edukacyjnych jest zgodne z celami projektu DGTRAN, wspieraj\u0105cego cyfrow\u0105 transformacj\u0119 dziedzictwa kulturowego poprzez inicjatywy edukacyjne i rozw\u00f3j polityki. <\/p>\n<\/div><\/div><\/div><\/div><div class=\"wpb_column vc_column_container partner-project-item\"><div class=\"vc_column-inner\"><div class=\"w-image us_custom_d786d081 align_none\"><div class=\"w-image-h\"><img decoding=\"async\" width=\"270\" height=\"270\" src=\"https:\/\/www.vytautasbelt.eu\/wp-content\/uploads\/2024\/08\/Educational-Research-and-Innovation-Institute-Lithuania.jpg\" class=\"attachment-large size-large\" alt=\"\" loading=\"lazy\" srcset=\"https:\/\/www.vytautasbelt.eu\/wp-content\/uploads\/2024\/08\/Educational-Research-and-Innovation-Institute-Lithuania.jpg 270w, https:\/\/www.vytautasbelt.eu\/wp-content\/uploads\/2024\/08\/Educational-Research-and-Innovation-Institute-Lithuania-150x150.jpg 150w\" sizes=\"auto, (max-width: 270px) 100vw, 270px\" \/><\/div><\/div><div class=\"w-separator size_small\"><\/div><h5 class=\"w-text\"><span class=\"w-text-h\"><span class=\"w-text-value\">Instytut Bada\u0144 i Innowacji Edukacyjnych<\/span><\/span><\/h5><div class=\"w-text us_custom_6217dcc9\"><span class=\"w-text-h\"><span class=\"w-text-value\">Wilno, Litwa &#8211; Partner<\/span><\/span><\/div><\/div><\/div><\/div><div class=\"w-separator size_large\"><\/div><div class=\"g-cols wpb_row via_grid cols_1-2 laptops-cols_inherit tablets-cols_inherit mobiles-cols_1 valign_top type_default reversed stacking_default\" style=\"--gap:3rem;\" id=\"ub\"><div class=\"wpb_column vc_column_container partner-project-item\"><div class=\"vc_column-inner\"><div class=\"w-image us_custom_d786d081 align_none\"><div class=\"w-image-h\"><img decoding=\"async\" width=\"270\" height=\"270\" src=\"https:\/\/www.vytautasbelt.eu\/wp-content\/uploads\/2024\/08\/University-of-Bialystok-Poland.jpg\" class=\"attachment-large size-large\" alt=\"\" loading=\"lazy\" srcset=\"https:\/\/www.vytautasbelt.eu\/wp-content\/uploads\/2024\/08\/University-of-Bialystok-Poland.jpg 270w, https:\/\/www.vytautasbelt.eu\/wp-content\/uploads\/2024\/08\/University-of-Bialystok-Poland-150x150.jpg 150w\" sizes=\"auto, (max-width: 270px) 100vw, 270px\" \/><\/div><\/div><div class=\"w-separator size_small\"><\/div><h5 class=\"w-text\"><span class=\"w-text-h\"><span class=\"w-text-value\">Uniwersytet w Bia\u0142ymstoku<\/span><\/span><\/h5><div class=\"w-text us_custom_6217dcc9\"><span class=\"w-text-h\"><span class=\"w-text-value\">Bia\u0142ystok, Polska &#8211; Partner<\/span><\/span><\/div><div class=\"w-separator hide_on_default hide_on_laptops hide_on_tablets size_medium\"><\/div><\/div><\/div><div class=\"wpb_column vc_column_container us_custom_25eab73c\"><div class=\"vc_column-inner\"><div class=\"wpb_text_column\"><div class=\"wpb_wrapper\"><h4>Uniwersytet w Bia\u0142ymstoku (Polska)<\/h4>\n<p>Uniwersytet w Bia\u0142ymstoku, a w szczeg\u00f3lno\u015bci jego Wydzia\u0142 Historii i Stosunk\u00f3w Mi\u0119dzynarodowych, jest kluczowym partnerem w projekcie DGTRAN. Wydzia\u0142, za\u0142o\u017cony 1 pa\u017adziernika 2019 r., oferuje kierunki studi\u00f3w z zakresu historii, stosunk\u00f3w mi\u0119dzynarodowych i studi\u00f3w wschodnich. Wiedza ekspercka Uniwersytetu w Bia\u0142ymstoku w zakresie historii i stosunk\u00f3w mi\u0119dzynarodowych w znacznym stopniu przyczynia si\u0119 do realizacji celu projektu, jakim jest zachowanie i promocja dziedzictwa kulturowego za pomoc\u0105 \u015brodk\u00f3w cyfrowych.<\/p>\n<p>Zobacz wi\u0119cej: <a href=\"https:\/\/uwb.edu.pl\" target=\"_blank\" rel=\"noopener\">uwb.edu.pl<\/a><\/p>\n<\/div><\/div><\/div><\/div><\/div><\/div><\/div><\/div><\/div><\/section>\n","protected":false},"excerpt":{"rendered":"O projekcieDGTRAN: Transformacja cyfrowa na rzecz budowania potencja\u0142u dziedzictwa kulturowego na Litwie, w Polsce i na UkrainieWitamy w naszym projekcie po\u015bwi\u0119conym digitalizacji dziedzictwa kulturowego zwi\u0105zanego z Witoldem Wielkim, wykorzystuj\u0105cym najnowocze\u015bniejsze technologie 3D i rozszerzonej rzeczywisto\u015bci. Ta inicjatywa obejmuje Ukrain\u0119, Polsk\u0119 i Litw\u0119, \u0142\u0105cz\u0105c miejsca i budynki o wsp\u00f3lnym znaczeniu historycznym. Witold Wielki jest interesuj\u0105c\u0105 i...","protected":false},"author":1,"featured_media":0,"parent":0,"menu_order":0,"comment_status":"closed","ping_status":"closed","template":"","meta":{"footnotes":""},"class_list":["post-867","page","type-page","status-publish","hentry"],"_links":{"self":[{"href":"https:\/\/www.vytautasbelt.eu\/pl\/wp-json\/wp\/v2\/pages\/867","targetHints":{"allow":["GET"]}}],"collection":[{"href":"https:\/\/www.vytautasbelt.eu\/pl\/wp-json\/wp\/v2\/pages"}],"about":[{"href":"https:\/\/www.vytautasbelt.eu\/pl\/wp-json\/wp\/v2\/types\/page"}],"author":[{"embeddable":true,"href":"https:\/\/www.vytautasbelt.eu\/pl\/wp-json\/wp\/v2\/users\/1"}],"replies":[{"embeddable":true,"href":"https:\/\/www.vytautasbelt.eu\/pl\/wp-json\/wp\/v2\/comments?post=867"}],"version-history":[{"count":1,"href":"https:\/\/www.vytautasbelt.eu\/pl\/wp-json\/wp\/v2\/pages\/867\/revisions"}],"predecessor-version":[{"id":868,"href":"https:\/\/www.vytautasbelt.eu\/pl\/wp-json\/wp\/v2\/pages\/867\/revisions\/868"}],"wp:attachment":[{"href":"https:\/\/www.vytautasbelt.eu\/pl\/wp-json\/wp\/v2\/media?parent=867"}],"curies":[{"name":"wp","href":"https:\/\/api.w.org\/{rel}","templated":true}]}}