{"id":850,"date":"2024-09-24T16:59:36","date_gmt":"2024-09-24T13:59:36","guid":{"rendered":"https:\/\/www.vytautasbelt.eu\/pas-witolda\/"},"modified":"2025-05-28T23:39:52","modified_gmt":"2025-05-28T20:39:52","slug":"pas-witolda","status":"publish","type":"page","link":"https:\/\/www.vytautasbelt.eu\/pl\/pas-witolda\/","title":{"rendered":"Pas Witolda"},"content":{"rendered":"<section class=\"l-section wpb_row height_medium\"><div class=\"l-section-h i-cf\"><div class=\"g-cols vc_row via_grid cols_1 laptops-cols_inherit tablets-cols_inherit mobiles-cols_1 valign_top type_default stacking_default\"><div class=\"wpb_column vc_column_container\"><div class=\"vc_column-inner\"><h1 class=\"w-text\"><span class=\"w-text-h\"><span class=\"w-text-value\">Pas Witolda<\/span><\/span><\/h1><\/div><\/div><\/div><\/div><\/section><section class=\"l-section wpb_row height_auto\"><div class=\"l-section-h i-cf\"><div class=\"g-cols vc_row via_grid cols_1 laptops-cols_inherit tablets-cols_inherit mobiles-cols_1 valign_top type_default stacking_default\"><div class=\"wpb_column vc_column_container\"><div class=\"vc_column-inner\"><h4 class=\"w-text\"><span class=\"w-text-h\"><span class=\"w-text-value\">Pas ksi\u0105\u017c\u0119cy Witolda: \u015bredniowieczny skarb ze wschodniej Europy<\/span><\/span><\/h4><div class=\"wpb_text_column with_collapsible_content\" data-content-height=\"350px\"><div class=\"wpb_wrapper\"><p>Jednym z symboli pot\u0119gi Wielkiego Ksi\u0119cia Witolda w Europie Wschodniej jest jego ceremonialny srebrny pas ksi\u0105\u017c\u0119cy. Ozdoba zosta\u0142a odkryta na pocz\u0105tku lat 90. w pobli\u017cu wsi \u0141ytwa, po\u0142o\u017conej w rejonie Mo\u0142odeczno w obwodzie mi\u0144skim (Bia\u0142oru\u015b). Badacze datuj\u0105 znalezisko na XIV-XV wiek. Wed\u0142ug jednej z wersji pas m\u00f3g\u0142 zosta\u0107 podarowany Witoldowi przez chana krymskiego Haci I Gireja.<\/p>\n<p>Pas sk\u0142ada si\u0119 z jedenastu p\u0142yt, klamry, ko\u0144c\u00f3wki i dw\u00f3ch kwadratowych nak\u0142adek. Zosta\u0142 wykonany w mie\u015bcie Kaffa (obecnie miasto Teodozja, Krym, Ukraina). Jednak klamry s\u0105 w\u0142oskiego pochodzenia ze stylizacj\u0105 \u0142aci\u0144sk\u0105 i wschodnimi zdobieniami. Wszystkie elementy pasa s\u0105 wykonane ze srebra, wiele z nich zdobiono z\u0142oceniami i metod\u0105 niello (tj. wz\u00f3r wyryty w metalu zosta\u0142 wype\u0142niony specjaln\u0105 past\u0105 mineraln\u0105, a nast\u0119pnie poddany polerowaniu w celu uzyskania granatowego, czarnego lub szafirowo-czarnego rysunku, kontrastuj\u0105cego z t\u0142em). Taki pas by\u0142 symbolem pot\u0119gi i rycerskiego honoru. Jest to jedyne znane znalezisko tego typu w Europie Wschodniej.<\/p>\n<p>Od IX do XVI wieku podobne z\u0142ocone wzorzyste pasy symbolizowa\u0142y wysoki status spo\u0142eczny w\u015br\u00f3d rodzin szlacheckich, ksi\u0105\u017c\u0119cych i chan\u00f3w. Podarowanie tak cennego pasa mog\u0142o oznacza\u0107 przekazanie w\u0142adzy, wi\u0119c posiadanie tego cennego symbolu mog\u0142o nawet doprowadzi\u0107 do \u015bmiertelnych walk mi\u0119dzy w\u0142adcami tamtych czas\u00f3w. Na rok przed zgromadzeniem monarch\u00f3w w 1429 roku w \u0141ucku chan Haci I Girej, przy pomocy wojsk Witolda, przej\u0105\u0142 kontrol\u0119 nad Krymem. Dlatego cenny dar, wr\u0119czony w przededniu zgromadzenia monarch\u00f3w, m\u00f3g\u0142 by\u0107 wyrazem wdzi\u0119czno\u015bci krymskich podw\u0142adnych Witoldowi. Mo\u017cliwe, \u017ce Witold nosi\u0142 go podczas zgromadzenia w \u0141ucku.<\/p>\n<p>Przez d\u0142ugi czas znalezisko by\u0142o przechowywane w kolekcjach prywatnych, a od 2006 roku znajduje si\u0119 w zbiorach Narodowego Muzeum Historycznego Bia\u0142orusi. Na Wo\u0142yniu w 2021 roku, w parku etnograficznym \u201e\u0141adomyria\u201d we wsi Radiwi\u0142ow w obwodzie r\u00f3wie\u0144skim, powsta\u0142a replika pasa Witolda, b\u0119d\u0105ca cz\u0119\u015bci\u0105 projektu po\u015bwi\u0119conego odtworzeniu stroju z czas\u00f3w panowania Witolda.<\/p>\n<\/div><div class=\"toggle-links align_none\"><button class=\"collapsible-content-more\">Poka\u017c wi\u0119cej<\/button><button class=\"collapsible-content-less\">Poka\u017c mniej<\/button><\/div><\/div><div class=\"w-separator size_large\"><\/div><\/div><\/div><\/div><\/div><\/section><section class=\"l-section wpb_row height_medium\"><div class=\"l-section-overlay\" style=\"background:var(--color-content-heading)\"><\/div><div class=\"l-section-h i-cf\"><div class=\"g-cols vc_row via_grid cols_1 laptops-cols_inherit tablets-cols_inherit mobiles-cols_1 valign_top type_default stacking_default\"><div class=\"wpb_column vc_column_container\"><div class=\"vc_column-inner\"><div class=\"w-separator hide_on_default hide_on_laptops hide_on_tablets size_medium\"><\/div><h2 class=\"w-text us_custom_836f727b has_text_color\"><span class=\"w-text-h\"><span class=\"w-text-value\">Zamki na Pasie Witolda<\/span><\/span><\/h2><div class=\"w-text us_custom_1d78264e has_text_color\"><span class=\"w-text-h\"><span class=\"w-text-value\">Poznaj i odkryj nasz\u0105 wsp\u00f3ln\u0105 histori\u0119. Wszystkie przydatne informacje o ka\u017cdym z obiekt\u00f3w Pasu Witolda s\u0105 zebrane tutaj.<\/span><\/span><\/div><div class=\"w-separator size_medium\"><\/div><div class=\"w-grid type_grid layout_437 cols_3\" id=\"us_grid_1\" style=\"--gap:1rem;\" data-filterable=\"true\"><style>@media (max-width:1024px){#us_grid_1 .w-grid-item{width:50%}}@media (max-width:600px){#us_grid_1 .w-grid-list{margin:0}#us_grid_1 .w-grid-item{width:100%;padding:0;margin-bottom:var(--gap,0px)}}.layout_437 .w-grid-item-h{}.layout_437 .usg_post_image_1{margin-bottom:0.5rem!important;border-radius:8px!important}.layout_437 .usg_post_title_1{color:var(--color-content-bg)!important;margin-top:22px!important}.layout_437 .usg_post_taxonomy_1{color:var(--color-footer-heading)!important;margin-top:5px!important;margin-bottom:5px!important}@media (min-width:1025px) and (max-width:1380px){.layout_437 .usg_post_taxonomy_1{margin-top:5px!important;margin-bottom:5px!important}}@media (min-width:601px) and (max-width:1024px){.layout_437 .usg_post_taxonomy_1{margin-top:5px!important;margin-bottom:5px!important}}@media (max-width:600px){.layout_437 .usg_post_taxonomy_1{margin-top:5px!important;margin-bottom:15px!important}}<\/style><div class=\"w-grid-list\">\t<article class=\"w-grid-item size_1x1 post-781 us_portfolio type-us_portfolio status-publish has-post-thumbnail hentry us_portfolio_category-lithuania-pl\" data-id=\"781\">\n\t\t<div class=\"w-grid-item-h\">\n\t\t\t\t\t\t<div class=\"w-post-elm post_image usg_post_image_1 stretched\"><a href=\"https:\/\/www.vytautasbelt.eu\/pl\/castles\/zamek-w-trokach\/\" aria-label=\"Zamek w Trokach\"><img decoding=\"async\" width=\"1000\" height=\"800\" src=\"https:\/\/www.vytautasbelt.eu\/wp-content\/uploads\/2024\/09\/Trakai-Peninsula-Castle.jpg\" class=\"attachment-large size-large wp-post-image\" alt=\"\" srcset=\"https:\/\/www.vytautasbelt.eu\/wp-content\/uploads\/2024\/09\/Trakai-Peninsula-Castle.jpg 1000w, https:\/\/www.vytautasbelt.eu\/wp-content\/uploads\/2024\/09\/Trakai-Peninsula-Castle-300x240.jpg 300w\" sizes=\"(max-width: 1000px) 100vw, 1000px\" \/><\/a><\/div><h5 class=\"w-post-elm post_title usg_post_title_1 has_text_color entry-title color_link_inherit\"><a href=\"https:\/\/www.vytautasbelt.eu\/pl\/castles\/zamek-w-trokach\/\">Zamek w Trokach<\/a><\/h5><div class=\"w-post-elm post_taxonomy usg_post_taxonomy_1 has_text_color style_simple color_link_inherit\"><a class=\"term-27 term-lithuania-pl\" href=\"https:\/\/www.vytautasbelt.eu\/pl\/castles\/zamek-w-trokach\/\">Litwa<\/a><\/div>\t\t<\/div>\n\t\t\t<\/article>\n\t<article class=\"w-grid-item size_1x1 post-780 us_portfolio type-us_portfolio status-publish has-post-thumbnail hentry us_portfolio_category-lithuania-pl\" data-id=\"780\">\n\t\t<div class=\"w-grid-item-h\">\n\t\t\t\t\t\t<div class=\"w-post-elm post_image usg_post_image_1 stretched\"><a href=\"https:\/\/www.vytautasbelt.eu\/pl\/castles\/zamek-w-mereczu\/\" aria-label=\"Zamek w Mereczu\"><img decoding=\"async\" width=\"1000\" height=\"800\" src=\"https:\/\/www.vytautasbelt.eu\/wp-content\/uploads\/2024\/09\/Merkine-Castle.jpg\" class=\"attachment-large size-large wp-post-image\" alt=\"\" srcset=\"https:\/\/www.vytautasbelt.eu\/wp-content\/uploads\/2024\/09\/Merkine-Castle.jpg 1000w, https:\/\/www.vytautasbelt.eu\/wp-content\/uploads\/2024\/09\/Merkine-Castle-300x240.jpg 300w\" sizes=\"(max-width: 1000px) 100vw, 1000px\" \/><\/a><\/div><h5 class=\"w-post-elm post_title usg_post_title_1 has_text_color entry-title color_link_inherit\"><a href=\"https:\/\/www.vytautasbelt.eu\/pl\/castles\/zamek-w-mereczu\/\">Zamek w Mereczu<\/a><\/h5><div class=\"w-post-elm post_taxonomy usg_post_taxonomy_1 has_text_color style_simple color_link_inherit\"><a class=\"term-27 term-lithuania-pl\" href=\"https:\/\/www.vytautasbelt.eu\/pl\/castles\/zamek-w-mereczu\/\">Litwa<\/a><\/div>\t\t<\/div>\n\t\t\t<\/article>\n\t<article class=\"w-grid-item size_1x1 post-782 us_portfolio type-us_portfolio status-publish has-post-thumbnail hentry us_portfolio_category-lithuania-pl\" data-id=\"782\">\n\t\t<div class=\"w-grid-item-h\">\n\t\t\t\t\t\t<div class=\"w-post-elm post_image usg_post_image_1 stretched\"><a href=\"https:\/\/www.vytautasbelt.eu\/pl\/castles\/zamek-gedymina\/\" aria-label=\"Zamek Gedymina\"><img decoding=\"async\" width=\"1000\" height=\"800\" src=\"https:\/\/www.vytautasbelt.eu\/wp-content\/uploads\/2024\/09\/Vilnius-Upper-Castle.jpg\" class=\"attachment-large size-large wp-post-image\" alt=\"\" srcset=\"https:\/\/www.vytautasbelt.eu\/wp-content\/uploads\/2024\/09\/Vilnius-Upper-Castle.jpg 1000w, https:\/\/www.vytautasbelt.eu\/wp-content\/uploads\/2024\/09\/Vilnius-Upper-Castle-300x240.jpg 300w\" sizes=\"(max-width: 1000px) 100vw, 1000px\" \/><\/a><\/div><h5 class=\"w-post-elm post_title usg_post_title_1 has_text_color entry-title color_link_inherit\"><a href=\"https:\/\/www.vytautasbelt.eu\/pl\/castles\/zamek-gedymina\/\">Zamek Gedymina<\/a><\/h5><div class=\"w-post-elm post_taxonomy usg_post_taxonomy_1 has_text_color style_simple color_link_inherit\"><a class=\"term-27 term-lithuania-pl\" href=\"https:\/\/www.vytautasbelt.eu\/pl\/castles\/zamek-gedymina\/\">Litwa<\/a><\/div>\t\t<\/div>\n\t\t\t<\/article>\n\t<article class=\"w-grid-item size_1x1 post-779 us_portfolio type-us_portfolio status-publish has-post-thumbnail hentry us_portfolio_category-ukraine-pl\" data-id=\"779\">\n\t\t<div class=\"w-grid-item-h\">\n\t\t\t\t\t\t<div class=\"w-post-elm post_image usg_post_image_1 stretched\"><a href=\"https:\/\/www.vytautasbelt.eu\/pl\/castles\/twierdza-tiaginka\/\" aria-label=\"Twierdza Tiaginka\"><img decoding=\"async\" width=\"1000\" height=\"800\" src=\"https:\/\/www.vytautasbelt.eu\/wp-content\/uploads\/2024\/09\/Tyagyn-Fortress.jpg\" class=\"attachment-large size-large wp-post-image\" alt=\"\" srcset=\"https:\/\/www.vytautasbelt.eu\/wp-content\/uploads\/2024\/09\/Tyagyn-Fortress.jpg 1000w, https:\/\/www.vytautasbelt.eu\/wp-content\/uploads\/2024\/09\/Tyagyn-Fortress-300x240.jpg 300w\" sizes=\"(max-width: 1000px) 100vw, 1000px\" \/><\/a><\/div><h5 class=\"w-post-elm post_title usg_post_title_1 has_text_color entry-title color_link_inherit\"><a href=\"https:\/\/www.vytautasbelt.eu\/pl\/castles\/twierdza-tiaginka\/\">Twierdza Tiaginka<\/a><\/h5><div class=\"w-post-elm post_taxonomy usg_post_taxonomy_1 has_text_color style_simple color_link_inherit\"><a class=\"term-21 term-ukraine-pl\" href=\"https:\/\/www.vytautasbelt.eu\/pl\/castles\/twierdza-tiaginka\/\">Ukraina<\/a><\/div>\t\t<\/div>\n\t\t\t<\/article>\n\t<article class=\"w-grid-item size_1x1 post-778 us_portfolio type-us_portfolio status-publish has-post-thumbnail hentry us_portfolio_category-ukraine-pl\" data-id=\"778\">\n\t\t<div class=\"w-grid-item-h\">\n\t\t\t\t\t\t<div class=\"w-post-elm post_image usg_post_image_1 stretched\"><a href=\"https:\/\/www.vytautasbelt.eu\/pl\/castles\/zamek-lucki\/\" aria-label=\"Zamek \u0141ucki\"><img decoding=\"async\" width=\"1000\" height=\"800\" src=\"https:\/\/www.vytautasbelt.eu\/wp-content\/uploads\/2024\/09\/Lutsk-Castle.jpg\" class=\"attachment-large size-large wp-post-image\" alt=\"\" srcset=\"https:\/\/www.vytautasbelt.eu\/wp-content\/uploads\/2024\/09\/Lutsk-Castle.jpg 1000w, https:\/\/www.vytautasbelt.eu\/wp-content\/uploads\/2024\/09\/Lutsk-Castle-300x240.jpg 300w\" sizes=\"(max-width: 1000px) 100vw, 1000px\" \/><\/a><\/div><h5 class=\"w-post-elm post_title usg_post_title_1 has_text_color entry-title color_link_inherit\"><a href=\"https:\/\/www.vytautasbelt.eu\/pl\/castles\/zamek-lucki\/\">Zamek \u0141ucki<\/a><\/h5><div class=\"w-post-elm post_taxonomy usg_post_taxonomy_1 has_text_color style_simple color_link_inherit\"><a class=\"term-21 term-ukraine-pl\" href=\"https:\/\/www.vytautasbelt.eu\/pl\/castles\/zamek-lucki\/\">Ukraina<\/a><\/div>\t\t<\/div>\n\t\t\t<\/article>\n\t<article class=\"w-grid-item size_1x1 post-775 us_portfolio type-us_portfolio status-publish has-post-thumbnail hentry us_portfolio_category-ukraine-pl\" data-id=\"775\">\n\t\t<div class=\"w-grid-item-h\">\n\t\t\t\t\t\t<div class=\"w-post-elm post_image usg_post_image_1 stretched\"><a href=\"https:\/\/www.vytautasbelt.eu\/pl\/castles\/zamek-w-krzemiencu\/\" aria-label=\"Zamek w Krzemie\u0144cu\"><img decoding=\"async\" width=\"1000\" height=\"800\" src=\"https:\/\/www.vytautasbelt.eu\/wp-content\/uploads\/2024\/09\/Kremenets-Castle.jpg\" class=\"attachment-large size-large wp-post-image\" alt=\"\" srcset=\"https:\/\/www.vytautasbelt.eu\/wp-content\/uploads\/2024\/09\/Kremenets-Castle.jpg 1000w, https:\/\/www.vytautasbelt.eu\/wp-content\/uploads\/2024\/09\/Kremenets-Castle-300x240.jpg 300w\" sizes=\"(max-width: 1000px) 100vw, 1000px\" \/><\/a><\/div><h5 class=\"w-post-elm post_title usg_post_title_1 has_text_color entry-title color_link_inherit\"><a href=\"https:\/\/www.vytautasbelt.eu\/pl\/castles\/zamek-w-krzemiencu\/\">Zamek w Krzemie\u0144cu<\/a><\/h5><div class=\"w-post-elm post_taxonomy usg_post_taxonomy_1 has_text_color style_simple color_link_inherit\"><a class=\"term-21 term-ukraine-pl\" href=\"https:\/\/www.vytautasbelt.eu\/pl\/castles\/zamek-w-krzemiencu\/\">Ukraina<\/a><\/div>\t\t<\/div>\n\t\t\t<\/article>\n\t<article class=\"w-grid-item size_1x1 post-783 us_portfolio type-us_portfolio status-publish has-post-thumbnail hentry us_portfolio_category-poland-pl\" data-id=\"783\">\n\t\t<div class=\"w-grid-item-h\">\n\t\t\t\t\t\t<div class=\"w-post-elm post_image usg_post_image_1 stretched\"><a href=\"https:\/\/www.vytautasbelt.eu\/pl\/castles\/zamek-w-drohiczynie\/\" aria-label=\"Zamek w Drohiczynie\"><img decoding=\"async\" width=\"1000\" height=\"800\" src=\"https:\/\/www.vytautasbelt.eu\/wp-content\/uploads\/2024\/10\/Drohiczyn-Castle.jpg\" class=\"attachment-large size-large wp-post-image\" alt=\"\" srcset=\"https:\/\/www.vytautasbelt.eu\/wp-content\/uploads\/2024\/10\/Drohiczyn-Castle.jpg 1000w, https:\/\/www.vytautasbelt.eu\/wp-content\/uploads\/2024\/10\/Drohiczyn-Castle-300x240.jpg 300w\" sizes=\"(max-width: 1000px) 100vw, 1000px\" \/><\/a><\/div><h5 class=\"w-post-elm post_title usg_post_title_1 has_text_color entry-title color_link_inherit\"><a href=\"https:\/\/www.vytautasbelt.eu\/pl\/castles\/zamek-w-drohiczynie\/\">Zamek w Drohiczynie<\/a><\/h5><div class=\"w-post-elm post_taxonomy usg_post_taxonomy_1 has_text_color style_simple color_link_inherit\"><a class=\"term-24 term-poland-pl\" href=\"https:\/\/www.vytautasbelt.eu\/pl\/castles\/zamek-w-drohiczynie\/\">Polska<\/a><\/div>\t\t<\/div>\n\t\t\t<\/article>\n\t<article class=\"w-grid-item size_1x1 post-774 us_portfolio type-us_portfolio status-publish has-post-thumbnail hentry us_portfolio_category-ukraine-pl\" data-id=\"774\">\n\t\t<div class=\"w-grid-item-h\">\n\t\t\t\t\t\t<div class=\"w-post-elm post_image usg_post_image_1 stretched\"><a href=\"https:\/\/www.vytautasbelt.eu\/pl\/castles\/zamek-kijowski\/\" aria-label=\"Zamek Kijowski\"><img decoding=\"async\" width=\"1000\" height=\"800\" src=\"https:\/\/www.vytautasbelt.eu\/wp-content\/uploads\/2024\/09\/Kyiv-Castle.jpg\" class=\"attachment-large size-large wp-post-image\" alt=\"\" srcset=\"https:\/\/www.vytautasbelt.eu\/wp-content\/uploads\/2024\/09\/Kyiv-Castle.jpg 1000w, https:\/\/www.vytautasbelt.eu\/wp-content\/uploads\/2024\/09\/Kyiv-Castle-300x240.jpg 300w\" sizes=\"(max-width: 1000px) 100vw, 1000px\" \/><\/a><\/div><h5 class=\"w-post-elm post_title usg_post_title_1 has_text_color entry-title color_link_inherit\"><a href=\"https:\/\/www.vytautasbelt.eu\/pl\/castles\/zamek-kijowski\/\">Zamek Kijowski<\/a><\/h5><div class=\"w-post-elm post_taxonomy usg_post_taxonomy_1 has_text_color style_simple color_link_inherit\"><a class=\"term-21 term-ukraine-pl\" href=\"https:\/\/www.vytautasbelt.eu\/pl\/castles\/zamek-kijowski\/\">Ukraina<\/a><\/div>\t\t<\/div>\n\t\t\t<\/article>\n\t<article class=\"w-grid-item size_1x1 post-785 us_portfolio type-us_portfolio status-publish has-post-thumbnail hentry us_portfolio_category-poland-pl\" data-id=\"785\">\n\t\t<div class=\"w-grid-item-h\">\n\t\t\t\t\t\t<div class=\"w-post-elm post_image usg_post_image_1 stretched\"><a href=\"https:\/\/www.vytautasbelt.eu\/pl\/castles\/zamek-w-bielsku-podlaskim\/\" aria-label=\"Zamek w Bielsku Podlaskim\"><img decoding=\"async\" width=\"1000\" height=\"800\" src=\"https:\/\/www.vytautasbelt.eu\/wp-content\/uploads\/2024\/10\/Castle-in-Bielsk-Podlaski.jpg\" class=\"attachment-large size-large wp-post-image\" alt=\"\" srcset=\"https:\/\/www.vytautasbelt.eu\/wp-content\/uploads\/2024\/10\/Castle-in-Bielsk-Podlaski.jpg 1000w, https:\/\/www.vytautasbelt.eu\/wp-content\/uploads\/2024\/10\/Castle-in-Bielsk-Podlaski-300x240.jpg 300w\" sizes=\"(max-width: 1000px) 100vw, 1000px\" \/><\/a><\/div><h5 class=\"w-post-elm post_title usg_post_title_1 has_text_color entry-title color_link_inherit\"><a href=\"https:\/\/www.vytautasbelt.eu\/pl\/castles\/zamek-w-bielsku-podlaskim\/\">Zamek w Bielsku Podlaskim<\/a><\/h5><div class=\"w-post-elm post_taxonomy usg_post_taxonomy_1 has_text_color style_simple color_link_inherit\"><a class=\"term-24 term-poland-pl\" href=\"https:\/\/www.vytautasbelt.eu\/pl\/castles\/zamek-w-bielsku-podlaskim\/\">Polska<\/a><\/div>\t\t<\/div>\n\t\t\t<\/article>\n\t<article class=\"w-grid-item size_1x1 post-773 us_portfolio type-us_portfolio status-publish has-post-thumbnail hentry us_portfolio_category-ukraine-pl\" data-id=\"773\">\n\t\t<div class=\"w-grid-item-h\">\n\t\t\t\t\t\t<div class=\"w-post-elm post_image usg_post_image_1 stretched\"><a href=\"https:\/\/www.vytautasbelt.eu\/pl\/castles\/wieza-witolda\/\" aria-label=\"Wie\u017ca Witolda\"><img decoding=\"async\" width=\"1000\" height=\"800\" src=\"https:\/\/www.vytautasbelt.eu\/wp-content\/uploads\/2024\/08\/Vytautas-Tower.jpg\" class=\"attachment-large size-large wp-post-image\" alt=\"\" srcset=\"https:\/\/www.vytautasbelt.eu\/wp-content\/uploads\/2024\/08\/Vytautas-Tower.jpg 1000w, https:\/\/www.vytautasbelt.eu\/wp-content\/uploads\/2024\/08\/Vytautas-Tower-300x240.jpg 300w\" sizes=\"(max-width: 1000px) 100vw, 1000px\" \/><\/a><\/div><h5 class=\"w-post-elm post_title usg_post_title_1 has_text_color entry-title color_link_inherit\"><a href=\"https:\/\/www.vytautasbelt.eu\/pl\/castles\/wieza-witolda\/\">Wie\u017ca Witolda<\/a><\/h5><div class=\"w-post-elm post_taxonomy usg_post_taxonomy_1 has_text_color style_simple color_link_inherit\"><a class=\"term-21 term-ukraine-pl\" href=\"https:\/\/www.vytautasbelt.eu\/pl\/castles\/wieza-witolda\/\">Ukraina<\/a><\/div>\t\t<\/div>\n\t\t\t<\/article>\n\t<article class=\"w-grid-item size_1x1 post-784 us_portfolio type-us_portfolio status-publish has-post-thumbnail hentry us_portfolio_category-poland-pl\" data-id=\"784\">\n\t\t<div class=\"w-grid-item-h\">\n\t\t\t\t\t\t<div class=\"w-post-elm post_image usg_post_image_1 stretched\"><a href=\"https:\/\/www.vytautasbelt.eu\/pl\/castles\/zamek-w-mielniku\/\" aria-label=\"Zamek w Mielniku\"><img decoding=\"async\" width=\"1000\" height=\"800\" src=\"https:\/\/www.vytautasbelt.eu\/wp-content\/uploads\/2024\/10\/Castle-in-Mielnik.jpg\" class=\"attachment-large size-large wp-post-image\" alt=\"\" srcset=\"https:\/\/www.vytautasbelt.eu\/wp-content\/uploads\/2024\/10\/Castle-in-Mielnik.jpg 1000w, https:\/\/www.vytautasbelt.eu\/wp-content\/uploads\/2024\/10\/Castle-in-Mielnik-300x240.jpg 300w\" sizes=\"(max-width: 1000px) 100vw, 1000px\" \/><\/a><\/div><h5 class=\"w-post-elm post_title usg_post_title_1 has_text_color entry-title color_link_inherit\"><a href=\"https:\/\/www.vytautasbelt.eu\/pl\/castles\/zamek-w-mielniku\/\">Zamek w Mielniku<\/a><\/h5><div class=\"w-post-elm post_taxonomy usg_post_taxonomy_1 has_text_color style_simple color_link_inherit\"><a class=\"term-24 term-poland-pl\" href=\"https:\/\/www.vytautasbelt.eu\/pl\/castles\/zamek-w-mielniku\/\">Polska<\/a><\/div>\t\t<\/div>\n\t\t\t<\/article>\n<\/div><div class=\"w-grid-preloader\">\t<div class=\"g-preloader type_1\">\n\t\t<div><\/div>\n\t<\/div>\n\t<\/div>\t<div class=\"w-grid-json hidden\" onclick='return {&quot;action&quot;:&quot;us_ajax_grid&quot;,&quot;infinite_scroll&quot;:0,&quot;max_num_pages&quot;:1,&quot;pagination&quot;:&quot;none&quot;,&quot;template_vars&quot;:{&quot;columns&quot;:&quot;3&quot;,&quot;exclude_items&quot;:&quot;none&quot;,&quot;img_size&quot;:&quot;default&quot;,&quot;ignore_items_size&quot;:0,&quot;items_layout&quot;:&quot;437&quot;,&quot;items_offset&quot;:&quot;1&quot;,&quot;load_animation&quot;:&quot;none&quot;,&quot;overriding_link&quot;:&quot;%7B%22url%22%3A%22%22%7D&quot;,&quot;post_id&quot;:0,&quot;query_args&quot;:{&quot;post_type&quot;:[&quot;us_portfolio&quot;],&quot;post_status&quot;:[&quot;publish&quot;],&quot;posts_per_page&quot;:&quot;12&quot;},&quot;orderby_query_args&quot;:{&quot;orderby&quot;:&quot;RAND(1009420829)&quot;},&quot;type&quot;:&quot;grid&quot;,&quot;us_grid_post_type&quot;:&quot;us_portfolio&quot;,&quot;us_grid_ajax_index&quot;:1,&quot;us_grid_filter_query_string&quot;:null,&quot;us_grid_index&quot;:1,&quot;page_args&quot;:[],&quot;lang&quot;:&quot;pl&quot;}}'><\/div>\n\t<\/div><\/div><\/div><\/div><\/div><\/section><section class=\"l-section wpb_row height_medium\"><div class=\"l-section-h i-cf\"><div class=\"g-cols vc_row via_grid cols_1 laptops-cols_inherit tablets-cols_inherit mobiles-cols_1 valign_top type_default stacking_default\"><div class=\"wpb_column vc_column_container\"><div class=\"vc_column-inner\"><h2 class=\"w-text\"><span class=\"w-text-h\"><span class=\"w-text-value\">Interaktywna Mapa Zamk\u00f3w<\/span><\/span><\/h2><div class=\"w-text us_custom_c08b5570\"><span class=\"w-text-h\"><span class=\"w-text-value\">Aby zwiedzi\u0107 zamki, skorzystaj z przycisk\u00f3w nawigacyjnych na interaktywnej mapie.<\/span><\/span><\/div><div class=\"w-separator size_small\"><\/div><div class=\"w-html\"><iframe loading=\"lazy\" src=\"https:\/\/uploads.knightlab.com\/storymapjs\/e06c6dc073ca06053a4639abad4722c6\/poias-vitovta\/index.html\" frameborder=\"0\" width=\"100%\" height=\"800\"><\/iframe><\/div><\/div><\/div><\/div><\/div><\/section><section class=\"l-section wpb_row height_medium\"><div class=\"l-section-h i-cf\"><div class=\"g-cols vc_row via_grid cols_1 laptops-cols_inherit tablets-cols_inherit mobiles-cols_1 valign_top type_default stacking_default\"><div class=\"wpb_column vc_column_container\"><div class=\"vc_column-inner\"><h2 class=\"w-text\"><span class=\"w-text-h\"><span class=\"w-text-value\">Materia\u0142y do  rozpowszechniania<\/span><\/span><\/h2><div class=\"w-text\"><span class=\"w-text-h\"><span class=\"w-text-value\">Interaktywne ulotki s\u0105 dost\u0119pne do bezp\u0142atnego pobrania tutaj<\/span><\/span><\/div><div class=\"w-separator size_medium\"><\/div><div class=\"w-btn-wrapper align_none\"><a class=\"w-btn us-btn-style_4\" href=\"https:\/\/drive.google.com\/drive\/folders\/1kGW3cN8kTw9LeL4Ac-TiBhf1uyQmGAZ1?usp=drive_link\"><span class=\"w-btn-label\">Bezp\u0142atne pobieranie<\/span><\/a><\/div><div class=\"w-separator size_medium\"><\/div><\/div><\/div><\/div><\/div><\/section>\n","protected":false},"excerpt":{"rendered":"Zamek w MielnikuPolska[vc_raw_html]JTNDZGl2JTIwY2xhc3MlM0QlMjJza2V0Y2hmYWItZW1iZWQtd3JhcHBlciUyMiUyMHN0eWxlJTNEJTIyd2lkdGglM0ElMjAxMDAlMjUlM0IlMjBtYXgtd2lkdGglM0ElMjAxMDAlMjUlM0IlMjIlM0UlMEElMDklM0NpZnJhbWUlMjB0aXRsZSUzRCUyMkt5aXYlMjIlMjBmcmFtZWJvcmRlciUzRCUyMjAlMjIlMjBhbGxvd2Z1bGxzY3JlZW4lMjBtb3phbGxvd2Z1bGxzY3JlZW4lM0QlMjJ0cnVlJTIyJTIwd2Via2l0YWxsb3dmdWxsc2NyZWVuJTNEJTIydHJ1ZSUyMiUyMGFsbG93JTNEJTIyYXV0b3BsYXklM0IlMjBmdWxsc2NyZWVuJTNCJTIweHItc3BhdGlhbC10cmFja2luZyUyMiUyMHhyLXNwYXRpYWwtdHJhY2tpbmclMjBleGVjdXRpb24td2hpbGUtb3V0LW9mLXZpZXdwb3J0JTIwZXhlY3V0aW9uLXdoaWxlLW5vdC1yZW5kZXJlZCUyMHdlYi1zaGFyZSUyMHNyYyUzRCUyMmh0dHBzJTNBJTJGJTJGc2tldGNoZmFiLmNvbSUyRm1vZGVscyUyRjFiNTNhZDAyZDlkOTQxZmFhMzJiNmM0NzdkMjVhZGIyJTJGZW1iZWQlM0ZhdXRvc3RhcnQlM0QxJTI2dWlfaW5mb3MlM0QwJTI2dWlfd2F0ZXJtYXJrX2xpbmslM0QwJTI2dWlfd2F0ZXJtYXJrJTNEMCUyMiUyMHN0eWxlJTNEJTIyd2lkdGglM0ElMjAxMDAlMjUlM0IlMjBoZWlnaHQlM0ElMjA0ODBweCUzQiUyMiUzRSUzQyUyRmlmcmFtZSUzRSUwQSUzQyUyRmRpdiUzRQ==[\/vc_raw_html]GeolokalizacjaLink do Map Google Adres17-307, ul. Brzeska, 87, Mielnik Przydatne informacje turystycznehttps:\/\/podlasie.siemiatycze.pl\/71-siematycze-wzgorze-zamkowe-w-mielniku https:\/\/podlasie.siemiatycze.pl\/74-siematycze-ruiny-kosciola-zamkowego-w-mielniku https:\/\/zabytek.pl\/pl\/obiekty\/mielnik-ruiny-kosciola https:\/\/mielnik.eu\/co-zobaczyc.html Informacje dodatkoweLink do Wikipedii SketchfabBezpo\u015bredni link do modelu 3D O Zamku w Mielniku Pierwsze umocnienia na terenie G\u00f3ry Zamkowej w Mielniku zbudowano prawdopodobnie na polecenie ruskich ksi\u0105\u017c\u0105t na prze\u0142omie XI i XII w. W po\u0142owie XIV w. w\u0142adz\u0119...","protected":false},"author":1,"featured_media":0,"parent":0,"menu_order":0,"comment_status":"closed","ping_status":"closed","template":"","meta":{"footnotes":""},"class_list":["post-850","page","type-page","status-publish","hentry"],"_links":{"self":[{"href":"https:\/\/www.vytautasbelt.eu\/pl\/wp-json\/wp\/v2\/pages\/850","targetHints":{"allow":["GET"]}}],"collection":[{"href":"https:\/\/www.vytautasbelt.eu\/pl\/wp-json\/wp\/v2\/pages"}],"about":[{"href":"https:\/\/www.vytautasbelt.eu\/pl\/wp-json\/wp\/v2\/types\/page"}],"author":[{"embeddable":true,"href":"https:\/\/www.vytautasbelt.eu\/pl\/wp-json\/wp\/v2\/users\/1"}],"replies":[{"embeddable":true,"href":"https:\/\/www.vytautasbelt.eu\/pl\/wp-json\/wp\/v2\/comments?post=850"}],"version-history":[{"count":3,"href":"https:\/\/www.vytautasbelt.eu\/pl\/wp-json\/wp\/v2\/pages\/850\/revisions"}],"predecessor-version":[{"id":1147,"href":"https:\/\/www.vytautasbelt.eu\/pl\/wp-json\/wp\/v2\/pages\/850\/revisions\/1147"}],"wp:attachment":[{"href":"https:\/\/www.vytautasbelt.eu\/pl\/wp-json\/wp\/v2\/media?parent=850"}],"curies":[{"name":"wp","href":"https:\/\/api.w.org\/{rel}","templated":true}]}}