{"id":837,"date":"2024-08-22T16:22:07","date_gmt":"2024-08-22T13:22:07","guid":{"rendered":"https:\/\/www.vytautasbelt.eu\/aktualnosci-i-wydarzenia\/"},"modified":"2024-11-21T14:18:19","modified_gmt":"2024-11-21T12:18:19","slug":"blog","status":"publish","type":"page","link":"https:\/\/www.vytautasbelt.eu\/pl\/blog\/","title":{"rendered":"Blog"},"content":{"rendered":"<section class=\"l-section wpb_row height_medium\"><div class=\"l-section-h i-cf\"><div class=\"g-cols vc_row via_grid cols_1 laptops-cols_inherit tablets-cols_inherit mobiles-cols_1 valign_top type_default stacking_default\"><div class=\"wpb_column vc_column_container\"><div class=\"vc_column-inner\"><h1 class=\"w-text\"><span class=\"w-text-h\"><span class=\"w-text-value\">Aktualno\u015bci i wydarzenia<\/span><\/span><\/h1><\/div><\/div><\/div><\/div><\/section><section class=\"l-section wpb_row height_medium\"><div class=\"l-section-h i-cf\"><div class=\"g-cols vc_row via_grid cols_1 laptops-cols_inherit tablets-cols_inherit mobiles-cols_1 valign_top type_default stacking_default\"><div class=\"wpb_column vc_column_container\"><div class=\"vc_column-inner\"><div class=\"w-grid type_grid layout_183 pagination_regular\" id=\"us_grid_1\" style=\"--gap:3rem;\" data-filterable=\"true\"><style>.layout_183 .w-grid-item-h{}.layout_183 .usg_post_image_1{width:45%!important;max-width:400px!important;border-radius:16px!important}.layout_183 .usg_post_title_1{font-size:1.6rem!important;font-weight:700!important;margin-bottom:0.2rem!important}.layout_183 .usg_vwrapper_1{width:55%!important;padding-left:2rem!important;padding-top:0!important}.layout_183 .usg_post_date_1{color:var(--color-content-faded)!important;font-size:0.9rem!important;margin-bottom:auto!important}.layout_183 .usg_post_content_1{margin-top:1rem!important;margin-bottom:1.3rem!important}.layout_183 .usg_text_1{color:var(--color-content-text)!important;font-size:0.9rem!important;line-height:1!important;margin-top:auto!important}@media (min-width:1025px) and (max-width:1380px){.layout_183 .usg_post_image_1{width:45%!important}.layout_183 .usg_post_title_1{font-size:1.6rem!important;font-weight:700!important}.layout_183 .usg_vwrapper_1{width:55%!important;padding-left:2rem!important;padding-top:0!important}}@media (min-width:601px) and (max-width:1024px){.layout_183 .usg_post_image_1{width:100%!important}.layout_183 .usg_post_title_1{font-size:1.6rem!important;font-weight:700!important}.layout_183 .usg_vwrapper_1{width:100%!important;max-width:600px!important;padding-left:0!important;padding-right:0!important;padding-top:1rem!important}}@media (max-width:600px){.layout_183 .usg_post_image_1{width:100%!important}.layout_183 .usg_post_title_1{font-size:1.3rem!important;font-weight:700!important}.layout_183 .usg_vwrapper_1{width:100%!important;padding-left:0!important;padding-right:0!important;padding-top:1rem!important}.layout_183 .usg_text_1{font-size:1rem!important}}<\/style><div class=\"w-grid-list\">\t<article class=\"w-grid-item size_1x1 post-1103 post type-post status-publish format-standard has-post-thumbnail hentry category-bez-kategorii\" data-id=\"1103\">\n\t\t<div class=\"w-grid-item-h\">\n\t\t\t\t\t\t<div class=\"w-hwrapper usg_hwrapper_1 align_none valign_stretch wrap\" style=\"--hwrapper-gap:0rem\"><div class=\"w-post-elm post_image usg_post_image_1 has_width has_ratio\"><a href=\"https:\/\/www.vytautasbelt.eu\/pl\/volyn-foundation-on-the-key-skills-for-strategic-partnerships-with-european-culture-institutions-workshop\/\" aria-label=\"Fundacja Wo\u0142y\u0144ska na warsztacie \u201eKluczowe umiej\u0119tno\u015bci w zakresie partnerstw strategicznych z europejskimi instytucjami kultury\u201d\"><img decoding=\"async\" width=\"1000\" height=\"750\" src=\"https:\/\/www.vytautasbelt.eu\/wp-content\/uploads\/2025\/04\/4.1-e1745673936625.jpg\" class=\"attachment-large size-large wp-post-image\" alt=\"\" \/><\/a><div style=\"padding-bottom:75%\"><\/div><\/div><div class=\"w-vwrapper usg_vwrapper_1 align_none valign_top\"><h2 class=\"w-post-elm post_title usg_post_title_1 entry-title color_link_inherit\"><a href=\"https:\/\/www.vytautasbelt.eu\/pl\/volyn-foundation-on-the-key-skills-for-strategic-partnerships-with-european-culture-institutions-workshop\/\">Fundacja Wo\u0142y\u0144ska na warsztacie \u201eKluczowe umiej\u0119tno\u015bci w zakresie partnerstw strategicznych z europejskimi instytucjami kultury\u201d<\/a><\/h2><time class=\"w-post-elm post_date usg_post_date_1 has_text_color entry-date published\" datetime=\"2025-01-18T16:24:19+02:00\">18.01.2025<\/time><div class=\"w-post-elm post_content usg_post_content_1\">W dniach 16-17 stycznia 2025 r. we Lwowie Fundacja Wo\u0142y\u0144ska wsp\u00f3\u0142organizowa\u0142a warsztaty \u201eKluczowe umiej\u0119tno\u015bci w zakresie strategicznych partnerstw z europejskimi instytucjami kultury\u201d. Wydarzenie odby\u0142o si\u0119 we wsp\u00f3\u0142pracy z Ministerstwem Kultury&hellip;<\/div><div class=\"w-text usg_text_1 has_text_color icon_atleft\"><a href=\"https:\/\/www.vytautasbelt.eu\/pl\/volyn-foundation-on-the-key-skills-for-strategic-partnerships-with-european-culture-institutions-workshop\/\" class=\"w-text-h\"><i class=\"far fa-plus\"><\/i><span class=\"w-text-value\">Learn more<\/span><\/a><\/div><\/div><\/div>\t\t<\/div>\n\t\t\t<\/article>\n\t<article class=\"w-grid-item size_1x1 post-1019 post type-post status-publish format-standard has-post-thumbnail hentry category-bez-kategorii\" data-id=\"1019\">\n\t\t<div class=\"w-grid-item-h\">\n\t\t\t\t\t\t<div class=\"w-hwrapper usg_hwrapper_1 align_none valign_stretch wrap\" style=\"--hwrapper-gap:0rem\"><div class=\"w-post-elm post_image usg_post_image_1 has_width has_ratio\"><a href=\"https:\/\/www.vytautasbelt.eu\/pl\/dgtran-s-journey-milestones-in-digitizing-the-legacy-of-vytautas-the-great\/\" aria-label=\"Podr\u00f3\u017c DGTRAN: Kamienie milowe w digitalizacji spu\u015bcizny Witolda Wielkiego\"><img decoding=\"async\" width=\"1000\" height=\"750\" src=\"https:\/\/www.vytautasbelt.eu\/wp-content\/uploads\/2025\/01\/DGTRANs-Journey-Milestones-in-Digitizing-the-Legacy-of-Vytautas-the-Great.jpeg\" class=\"attachment-large size-large wp-post-image\" alt=\"DGTRAN\u2019s Journey Milestones in Digitizing the Legacy of Vytautas the Great\" srcset=\"https:\/\/www.vytautasbelt.eu\/wp-content\/uploads\/2025\/01\/DGTRANs-Journey-Milestones-in-Digitizing-the-Legacy-of-Vytautas-the-Great.jpeg 1000w, https:\/\/www.vytautasbelt.eu\/wp-content\/uploads\/2025\/01\/DGTRANs-Journey-Milestones-in-Digitizing-the-Legacy-of-Vytautas-the-Great-300x225.jpeg 300w\" sizes=\"(max-width: 1000px) 100vw, 1000px\" \/><\/a><div style=\"padding-bottom:75%\"><\/div><\/div><div class=\"w-vwrapper usg_vwrapper_1 align_none valign_top\"><h2 class=\"w-post-elm post_title usg_post_title_1 entry-title color_link_inherit\"><a href=\"https:\/\/www.vytautasbelt.eu\/pl\/dgtran-s-journey-milestones-in-digitizing-the-legacy-of-vytautas-the-great\/\">Podr\u00f3\u017c DGTRAN: Kamienie milowe w digitalizacji spu\u015bcizny Witolda Wielkiego<\/a><\/h2><time class=\"w-post-elm post_date usg_post_date_1 has_text_color entry-date published\" datetime=\"2025-01-16T22:09:57+02:00\">16.01.2025<\/time><div class=\"w-post-elm post_content usg_post_content_1\">Projekt DGTRAN, prowadzony przez Fundacj\u0119 Wo\u0142y\u0144sk\u0105 i wspierany przez Program Kreatywna Europa, na nowo definiuje spos\u00f3b, w jaki chronimy dziedzictwo kulturowe. Nasza ambitna inicjatywa wykorzystuje najnowocze\u015bniejsze technologie 3D i AR,&hellip;<\/div><div class=\"w-text usg_text_1 has_text_color icon_atleft\"><a href=\"https:\/\/www.vytautasbelt.eu\/pl\/dgtran-s-journey-milestones-in-digitizing-the-legacy-of-vytautas-the-great\/\" class=\"w-text-h\"><i class=\"far fa-plus\"><\/i><span class=\"w-text-value\">Learn more<\/span><\/a><\/div><\/div><\/div>\t\t<\/div>\n\t\t\t<\/article>\n\t<article class=\"w-grid-item size_1x1 post-1003 post type-post status-publish format-standard has-post-thumbnail hentry category-bez-kategorii\" data-id=\"1003\">\n\t\t<div class=\"w-grid-item-h\">\n\t\t\t\t\t\t<div class=\"w-hwrapper usg_hwrapper_1 align_none valign_stretch wrap\" style=\"--hwrapper-gap:0rem\"><div class=\"w-post-elm post_image usg_post_image_1 has_width has_ratio\"><a href=\"https:\/\/www.vytautasbelt.eu\/pl\/polish-castles-crossroads-of-vytautas-legacy\/\" aria-label=\"Polskie zamki \u2013 skrzy\u017cowanie spu\u015bcizny Witolda\"><img decoding=\"async\" width=\"1000\" height=\"667\" src=\"https:\/\/www.vytautasbelt.eu\/wp-content\/uploads\/2025\/01\/Polish-Castles-Crossroads-of-Vytautas-Legacy-2.jpg\" class=\"attachment-large size-large wp-post-image\" alt=\"Polish Castles \u2013 Crossroads of Vytautas\u2019 Legacy\" srcset=\"https:\/\/www.vytautasbelt.eu\/wp-content\/uploads\/2025\/01\/Polish-Castles-Crossroads-of-Vytautas-Legacy-2.jpg 1000w, https:\/\/www.vytautasbelt.eu\/wp-content\/uploads\/2025\/01\/Polish-Castles-Crossroads-of-Vytautas-Legacy-2-300x200.jpg 300w\" sizes=\"(max-width: 1000px) 100vw, 1000px\" \/><\/a><div style=\"padding-bottom:75%\"><\/div><\/div><div class=\"w-vwrapper usg_vwrapper_1 align_none valign_top\"><h2 class=\"w-post-elm post_title usg_post_title_1 entry-title color_link_inherit\"><a href=\"https:\/\/www.vytautasbelt.eu\/pl\/polish-castles-crossroads-of-vytautas-legacy\/\">Polskie zamki \u2013 skrzy\u017cowanie spu\u015bcizny Witolda<\/a><\/h2><time class=\"w-post-elm post_date usg_post_date_1 has_text_color entry-date published\" datetime=\"2024-12-20T21:33:21+02:00\">20.12.2024<\/time><div class=\"w-post-elm post_content usg_post_content_1\">Polskie \u015bredniowieczne zamki s\u0105 niezwyk\u0142ymi \u015bwiadkami wsp\u00f3lnej historii Wielkiego Ksi\u0119stwa Litewskiego i Polski pod rz\u0105dami Witolda Wielkiego. Te twierdze \u2014 Zamek w Drohiczynie, Zamek w Mielniku i Zamek w Bielsku&hellip;<\/div><div class=\"w-text usg_text_1 has_text_color icon_atleft\"><a href=\"https:\/\/www.vytautasbelt.eu\/pl\/polish-castles-crossroads-of-vytautas-legacy\/\" class=\"w-text-h\"><i class=\"far fa-plus\"><\/i><span class=\"w-text-value\">Learn more<\/span><\/a><\/div><\/div><\/div>\t\t<\/div>\n\t\t\t<\/article>\n\t<article class=\"w-grid-item size_1x1 post-982 post type-post status-publish format-standard has-post-thumbnail hentry category-bez-kategorii\" data-id=\"982\">\n\t\t<div class=\"w-grid-item-h\">\n\t\t\t\t\t\t<div class=\"w-hwrapper usg_hwrapper_1 align_none valign_stretch wrap\" style=\"--hwrapper-gap:0rem\"><div class=\"w-post-elm post_image usg_post_image_1 has_width has_ratio\"><a href=\"https:\/\/www.vytautasbelt.eu\/pl\/lithuanian-castles-guardians-of-vytautas-homeland\/\" aria-label=\"Zamki litewskie \u2013 stra\u017cnicy ojczyzny Witolda\"><img decoding=\"async\" width=\"1000\" height=\"667\" src=\"https:\/\/www.vytautasbelt.eu\/wp-content\/uploads\/2025\/01\/Lithuanian-Castles-Guardians-of-Vytautas-Homeland-1.jpg\" class=\"attachment-large size-large wp-post-image\" alt=\"Lithuanian Castles \u2013 Guardians of Vytautas\u2019 Homeland\" srcset=\"https:\/\/www.vytautasbelt.eu\/wp-content\/uploads\/2025\/01\/Lithuanian-Castles-Guardians-of-Vytautas-Homeland-1.jpg 1000w, https:\/\/www.vytautasbelt.eu\/wp-content\/uploads\/2025\/01\/Lithuanian-Castles-Guardians-of-Vytautas-Homeland-1-300x200.jpg 300w\" sizes=\"(max-width: 1000px) 100vw, 1000px\" \/><\/a><div style=\"padding-bottom:75%\"><\/div><\/div><div class=\"w-vwrapper usg_vwrapper_1 align_none valign_top\"><h2 class=\"w-post-elm post_title usg_post_title_1 entry-title color_link_inherit\"><a href=\"https:\/\/www.vytautasbelt.eu\/pl\/lithuanian-castles-guardians-of-vytautas-homeland\/\">Zamki litewskie \u2013 stra\u017cnicy ojczyzny Witolda<\/a><\/h2><time class=\"w-post-elm post_date usg_post_date_1 has_text_color entry-date published\" datetime=\"2024-12-15T19:38:20+02:00\">15.12.2024<\/time><div class=\"w-post-elm post_content usg_post_content_1\">\u015aredniowieczne zamki Litwy to co\u015b wi\u0119cej ni\u017c cuda architektury \u2014 to trwa\u0142e symbole spu\u015bcizny Witolda Wielkiego. Nasza podr\u00f3\u017c przez bogat\u0105 histori\u0119 Litwy podkre\u015bla trzy kultowe zamki, ka\u017cdy z w\u0142asn\u0105 histori\u0105:&hellip;<\/div><div class=\"w-text usg_text_1 has_text_color icon_atleft\"><a href=\"https:\/\/www.vytautasbelt.eu\/pl\/lithuanian-castles-guardians-of-vytautas-homeland\/\" class=\"w-text-h\"><i class=\"far fa-plus\"><\/i><span class=\"w-text-value\">Learn more<\/span><\/a><\/div><\/div><\/div>\t\t<\/div>\n\t\t\t<\/article>\n\t<article class=\"w-grid-item size_1x1 post-1086 post type-post status-publish format-standard has-post-thumbnail hentry category-bez-kategorii\" data-id=\"1086\">\n\t\t<div class=\"w-grid-item-h\">\n\t\t\t\t\t\t<div class=\"w-hwrapper usg_hwrapper_1 align_none valign_stretch wrap\" style=\"--hwrapper-gap:0rem\"><div class=\"w-post-elm post_image usg_post_image_1 has_width has_ratio\"><a href=\"https:\/\/www.vytautasbelt.eu\/pl\/volyn-foundation-on-the-cultural-relations-between-ukraine-and-the-eu-results-of-2024-international-conference\/\" aria-label=\"Fundacja Wo\u0142y\u0144ska o mi\u0119dzynarodowej konferencji \u201eRelacje kulturalne Ukrainy z UE: wyniki 2024 r.\u201d\"><img decoding=\"async\" width=\"1000\" height=\"691\" src=\"https:\/\/www.vytautasbelt.eu\/wp-content\/uploads\/2025\/04\/3.1.jpg\" class=\"attachment-large size-large wp-post-image\" alt=\"\" srcset=\"https:\/\/www.vytautasbelt.eu\/wp-content\/uploads\/2025\/04\/3.1.jpg 1000w, https:\/\/www.vytautasbelt.eu\/wp-content\/uploads\/2025\/04\/3.1-300x207.jpg 300w\" sizes=\"(max-width: 1000px) 100vw, 1000px\" \/><\/a><div style=\"padding-bottom:75%\"><\/div><\/div><div class=\"w-vwrapper usg_vwrapper_1 align_none valign_top\"><h2 class=\"w-post-elm post_title usg_post_title_1 entry-title color_link_inherit\"><a href=\"https:\/\/www.vytautasbelt.eu\/pl\/volyn-foundation-on-the-cultural-relations-between-ukraine-and-the-eu-results-of-2024-international-conference\/\">Fundacja Wo\u0142y\u0144ska o mi\u0119dzynarodowej konferencji \u201eRelacje kulturalne Ukrainy z UE: wyniki 2024 r.\u201d<\/a><\/h2><time class=\"w-post-elm post_date usg_post_date_1 has_text_color entry-date published\" datetime=\"2024-12-14T16:16:13+02:00\">14.12.2024<\/time><div class=\"w-post-elm post_content usg_post_content_1\">12 grudnia 2024 r. Fundacja Wo\u0142y\u0144ska wzi\u0119\u0142a udzia\u0142 w Mi\u0119dzynarodowej Konferencji \u201eStosunki kulturalne mi\u0119dzy Ukrain\u0105 a UE: Wyniki 2024 r.\u201d w Kijowie. Wydarzenie zorganizowane przez Program Kreatywnej Europy UE stanowi\u0142o&hellip;<\/div><div class=\"w-text usg_text_1 has_text_color icon_atleft\"><a href=\"https:\/\/www.vytautasbelt.eu\/pl\/volyn-foundation-on-the-cultural-relations-between-ukraine-and-the-eu-results-of-2024-international-conference\/\" class=\"w-text-h\"><i class=\"far fa-plus\"><\/i><span class=\"w-text-value\">Learn more<\/span><\/a><\/div><\/div><\/div>\t\t<\/div>\n\t\t\t<\/article>\n\t<article class=\"w-grid-item size_1x1 post-960 post type-post status-publish format-standard has-post-thumbnail hentry category-bez-kategorii\" data-id=\"960\">\n\t\t<div class=\"w-grid-item-h\">\n\t\t\t\t\t\t<div class=\"w-hwrapper usg_hwrapper_1 align_none valign_stretch wrap\" style=\"--hwrapper-gap:0rem\"><div class=\"w-post-elm post_image usg_post_image_1 has_width has_ratio\"><a href=\"https:\/\/www.vytautasbelt.eu\/pl\/heritage-under-siege-preserving-ukraine-s-castles-amid-war\/\" aria-label=\"Dziedzictwo w obl\u0119\u017ceniu: ochrona zamk\u00f3w Ukrainy w obliczu wojny\"><img decoding=\"async\" width=\"1000\" height=\"800\" src=\"https:\/\/www.vytautasbelt.eu\/wp-content\/uploads\/2024\/08\/Vytautas-Tower.jpg\" class=\"attachment-large size-large wp-post-image\" alt=\"\" srcset=\"https:\/\/www.vytautasbelt.eu\/wp-content\/uploads\/2024\/08\/Vytautas-Tower.jpg 1000w, https:\/\/www.vytautasbelt.eu\/wp-content\/uploads\/2024\/08\/Vytautas-Tower-300x240.jpg 300w\" sizes=\"(max-width: 1000px) 100vw, 1000px\" \/><\/a><div style=\"padding-bottom:75%\"><\/div><\/div><div class=\"w-vwrapper usg_vwrapper_1 align_none valign_top\"><h2 class=\"w-post-elm post_title usg_post_title_1 entry-title color_link_inherit\"><a href=\"https:\/\/www.vytautasbelt.eu\/pl\/heritage-under-siege-preserving-ukraine-s-castles-amid-war\/\">Dziedzictwo w obl\u0119\u017ceniu: ochrona zamk\u00f3w Ukrainy w obliczu wojny<\/a><\/h2><time class=\"w-post-elm post_date usg_post_date_1 has_text_color entry-date published\" datetime=\"2024-12-10T19:16:53+02:00\">10.12.2024<\/time><div class=\"w-post-elm post_content usg_post_content_1\">Bogate dziedzictwo kulturowe Ukrainy stoi w obliczu bezprecedensowych zagro\u017ce\u0144, poniewa\u017c trwaj\u0105ca rosyjska agresja na Ukrain\u0119 zak\u0142\u00f3ca i zagra\u017ca jej zabytkom. Dwa niezwyk\u0142e zabytki zwi\u0105zane z Witoldem Wielkim \u2014 Twierdza Tiagi\u0144ska&hellip;<\/div><div class=\"w-text usg_text_1 has_text_color icon_atleft\"><a href=\"https:\/\/www.vytautasbelt.eu\/pl\/heritage-under-siege-preserving-ukraine-s-castles-amid-war\/\" class=\"w-text-h\"><i class=\"far fa-plus\"><\/i><span class=\"w-text-value\">Learn more<\/span><\/a><\/div><\/div><\/div>\t\t<\/div>\n\t\t\t<\/article>\n\t<article class=\"w-grid-item size_1x1 post-950 post type-post status-publish format-standard has-post-thumbnail hentry category-bez-kategorii\" data-id=\"950\">\n\t\t<div class=\"w-grid-item-h\">\n\t\t\t\t\t\t<div class=\"w-hwrapper usg_hwrapper_1 align_none valign_stretch wrap\" style=\"--hwrapper-gap:0rem\"><div class=\"w-post-elm post_image usg_post_image_1 has_width has_ratio\"><a href=\"https:\/\/www.vytautasbelt.eu\/pl\/guardians-of-history-exploring-ukraine-s-castles-through-vytautas-eyes\/\" aria-label=\"Stra\u017cnicy historii. Odkrywamy zamki Ukrainy oczami Witolda\"><img decoding=\"async\" width=\"1000\" height=\"800\" src=\"https:\/\/www.vytautasbelt.eu\/wp-content\/uploads\/2024\/09\/Lutsk-Castle.jpg\" class=\"attachment-large size-large wp-post-image\" alt=\"\" srcset=\"https:\/\/www.vytautasbelt.eu\/wp-content\/uploads\/2024\/09\/Lutsk-Castle.jpg 1000w, https:\/\/www.vytautasbelt.eu\/wp-content\/uploads\/2024\/09\/Lutsk-Castle-300x240.jpg 300w\" sizes=\"(max-width: 1000px) 100vw, 1000px\" \/><\/a><div style=\"padding-bottom:75%\"><\/div><\/div><div class=\"w-vwrapper usg_vwrapper_1 align_none valign_top\"><h2 class=\"w-post-elm post_title usg_post_title_1 entry-title color_link_inherit\"><a href=\"https:\/\/www.vytautasbelt.eu\/pl\/guardians-of-history-exploring-ukraine-s-castles-through-vytautas-eyes\/\">Stra\u017cnicy historii. Odkrywamy zamki Ukrainy oczami Witolda<\/a><\/h2><time class=\"w-post-elm post_date usg_post_date_1 has_text_color entry-date published\" datetime=\"2024-12-05T18:30:31+02:00\">05.12.2024<\/time><div class=\"w-post-elm post_content usg_post_content_1\">Historyczne zamki Ukrainy to co\u015b wi\u0119cej ni\u017c tylko kamie\u0144 i zaprawa \u2014 opowiadaj\u0105 histori\u0119 dziedzictwa Witolda Wielkiego, jego odporno\u015bci, dyplomacji i znaczenia kulturowego. Dzi\u0119ki projektowi DGTRAN, prowadzonemu przez Fundacj\u0119 Wo\u0142y\u0144sk\u0105,&hellip;<\/div><div class=\"w-text usg_text_1 has_text_color icon_atleft\"><a href=\"https:\/\/www.vytautasbelt.eu\/pl\/guardians-of-history-exploring-ukraine-s-castles-through-vytautas-eyes\/\" class=\"w-text-h\"><i class=\"far fa-plus\"><\/i><span class=\"w-text-value\">Learn more<\/span><\/a><\/div><\/div><\/div>\t\t<\/div>\n\t\t\t<\/article>\n\t<article class=\"w-grid-item size_1x1 post-937 post type-post status-publish format-standard has-post-thumbnail hentry category-bez-kategorii\" data-id=\"937\">\n\t\t<div class=\"w-grid-item-h\">\n\t\t\t\t\t\t<div class=\"w-hwrapper usg_hwrapper_1 align_none valign_stretch wrap\" style=\"--hwrapper-gap:0rem\"><div class=\"w-post-elm post_image usg_post_image_1 has_width has_ratio\"><a href=\"https:\/\/www.vytautasbelt.eu\/pl\/building-bridges-how-volyn-foundation-and-dgtran-began-preserving-vytautas-legacy-across-borders\/\" aria-label=\"Budowanie most\u00f3w: Jak Fundacja Wo\u0142y\u0144ska i DGTRAN zacz\u0119\u0142y chroni\u0107 dziedzictwo Witolda poza granicami\"><img decoding=\"async\" width=\"1024\" height=\"684\" src=\"https:\/\/www.vytautasbelt.eu\/wp-content\/uploads\/2024\/11\/Building-Bridges-How-Volyn-Foundation-and-DGTRAN-Began-Preserving-Vytautas-Legacy-Across-Borders-1024x684.jpg\" class=\"attachment-large size-large wp-post-image\" alt=\"Building Bridges How Volyn Foundation and DGTRAN Began Preserving Vytautas\u2019 Legacy Across Borders\" srcset=\"https:\/\/www.vytautasbelt.eu\/wp-content\/uploads\/2024\/11\/Building-Bridges-How-Volyn-Foundation-and-DGTRAN-Began-Preserving-Vytautas-Legacy-Across-Borders-1024x684.jpg 1024w, https:\/\/www.vytautasbelt.eu\/wp-content\/uploads\/2024\/11\/Building-Bridges-How-Volyn-Foundation-and-DGTRAN-Began-Preserving-Vytautas-Legacy-Across-Borders-300x200.jpg 300w, https:\/\/www.vytautasbelt.eu\/wp-content\/uploads\/2024\/11\/Building-Bridges-How-Volyn-Foundation-and-DGTRAN-Began-Preserving-Vytautas-Legacy-Across-Borders.jpg 1200w\" sizes=\"(max-width: 1024px) 100vw, 1024px\" \/><\/a><div style=\"padding-bottom:75%\"><\/div><\/div><div class=\"w-vwrapper usg_vwrapper_1 align_none valign_top\"><h2 class=\"w-post-elm post_title usg_post_title_1 entry-title color_link_inherit\"><a href=\"https:\/\/www.vytautasbelt.eu\/pl\/building-bridges-how-volyn-foundation-and-dgtran-began-preserving-vytautas-legacy-across-borders\/\">Budowanie most\u00f3w: Jak Fundacja Wo\u0142y\u0144ska i DGTRAN zacz\u0119\u0142y chroni\u0107 dziedzictwo Witolda poza granicami<\/a><\/h2><time class=\"w-post-elm post_date usg_post_date_1 has_text_color entry-date published\" datetime=\"2024-11-30T17:44:32+02:00\">30.11.2024<\/time><div class=\"w-post-elm post_content usg_post_content_1\">What does it take to bring centuries-old castles back to life? For the Volyn Foundation and the &#8222;Digital Transformation for Cultural Heritage Capacity Building in Lithuania, Poland, and Ukraine&#8221; (DGTRAN)&hellip;<\/div><div class=\"w-text usg_text_1 has_text_color icon_atleft\"><a href=\"https:\/\/www.vytautasbelt.eu\/pl\/building-bridges-how-volyn-foundation-and-dgtran-began-preserving-vytautas-legacy-across-borders\/\" class=\"w-text-h\"><i class=\"far fa-plus\"><\/i><span class=\"w-text-value\">Learn more<\/span><\/a><\/div><\/div><\/div>\t\t<\/div>\n\t\t\t<\/article>\n<\/div><div class=\"w-grid-preloader\">\t<div class=\"g-preloader type_1\">\n\t\t<div><\/div>\n\t<\/div>\n\t<\/div>\t\t\t<nav class=\"pagination navigation\" role=\"navigation\">\n\t\t\t\t<div class=\"nav-links custom us-nav-style_3\">\n\t\t\t\t\t<span aria-current=\"page\" class=\"page-numbers current\"><span>1<\/span><\/span>\n<a class=\"page-numbers\" href=\"https:\/\/www.vytautasbelt.eu\/pl\/wp-json\/wp\/v2\/pages\/837\/page\/2\/\"><span>2<\/span><\/a>\n<a class=\"page-numbers\" href=\"https:\/\/www.vytautasbelt.eu\/pl\/wp-json\/wp\/v2\/pages\/837\/page\/3\/\"><span>3<\/span><\/a>\n<a class=\"next page-numbers\" href=\"https:\/\/www.vytautasbelt.eu\/pl\/wp-json\/wp\/v2\/pages\/837\/page\/2\/\"><span>Nast\u0119pny<\/span><\/a>\t\t\t\t<\/div>\n\t\t\t<\/nav>\n\t\t\t\t<div class=\"w-grid-json hidden\" onclick='return {&quot;action&quot;:&quot;us_ajax_grid&quot;,&quot;infinite_scroll&quot;:0,&quot;max_num_pages&quot;:3,&quot;pagination&quot;:&quot;regular&quot;,&quot;template_vars&quot;:{&quot;columns&quot;:&quot;1&quot;,&quot;exclude_items&quot;:&quot;none&quot;,&quot;img_size&quot;:&quot;default&quot;,&quot;ignore_items_size&quot;:0,&quot;items_layout&quot;:&quot;183&quot;,&quot;items_offset&quot;:&quot;1&quot;,&quot;load_animation&quot;:&quot;none&quot;,&quot;overriding_link&quot;:&quot;%7B%22url%22%3A%22%22%7D&quot;,&quot;post_id&quot;:0,&quot;query_args&quot;:{&quot;post_type&quot;:[&quot;post&quot;],&quot;post_status&quot;:[&quot;publish&quot;],&quot;posts_per_page&quot;:&quot;8&quot;},&quot;orderby_query_args&quot;:{&quot;orderby&quot;:{&quot;date&quot;:&quot;DESC&quot;}},&quot;type&quot;:&quot;grid&quot;,&quot;us_grid_post_type&quot;:&quot;post&quot;,&quot;us_grid_ajax_index&quot;:1,&quot;us_grid_filter_query_string&quot;:null,&quot;us_grid_index&quot;:1,&quot;page_args&quot;:[],&quot;lang&quot;:&quot;pl&quot;}}'><\/div>\n\t<\/div><\/div><\/div><\/div><\/div><\/section>\n","protected":false},"excerpt":{"rendered":"What does it take to bring centuries-old castles back to life? For the Volyn Foundation and the \"Digital Transformation for Cultural Heritage Capacity Building in Lithuania, Poland, and Ukraine\" (DGTRAN) project, it starts with innovation, collaboration, and a shared love for history. Supported by the Creative Europe Program, our international effort uses cutting-edge 3D and...","protected":false},"author":1,"featured_media":0,"parent":0,"menu_order":0,"comment_status":"closed","ping_status":"closed","template":"","meta":{"footnotes":""},"class_list":["post-837","page","type-page","status-publish","hentry"],"_links":{"self":[{"href":"https:\/\/www.vytautasbelt.eu\/pl\/wp-json\/wp\/v2\/pages\/837","targetHints":{"allow":["GET"]}}],"collection":[{"href":"https:\/\/www.vytautasbelt.eu\/pl\/wp-json\/wp\/v2\/pages"}],"about":[{"href":"https:\/\/www.vytautasbelt.eu\/pl\/wp-json\/wp\/v2\/types\/page"}],"author":[{"embeddable":true,"href":"https:\/\/www.vytautasbelt.eu\/pl\/wp-json\/wp\/v2\/users\/1"}],"replies":[{"embeddable":true,"href":"https:\/\/www.vytautasbelt.eu\/pl\/wp-json\/wp\/v2\/comments?post=837"}],"version-history":[{"count":1,"href":"https:\/\/www.vytautasbelt.eu\/pl\/wp-json\/wp\/v2\/pages\/837\/revisions"}],"predecessor-version":[{"id":865,"href":"https:\/\/www.vytautasbelt.eu\/pl\/wp-json\/wp\/v2\/pages\/837\/revisions\/865"}],"wp:attachment":[{"href":"https:\/\/www.vytautasbelt.eu\/pl\/wp-json\/wp\/v2\/media?parent=837"}],"curies":[{"name":"wp","href":"https:\/\/api.w.org\/{rel}","templated":true}]}}