{"id":735,"date":"2024-08-23T19:51:57","date_gmt":"2024-08-23T16:51:57","guid":{"rendered":"https:\/\/www.vytautasbelt.eu\/kontakty\/"},"modified":"2024-08-23T19:51:57","modified_gmt":"2024-08-23T16:51:57","slug":"kontakty","status":"publish","type":"page","link":"https:\/\/www.vytautasbelt.eu\/pl\/kontakty\/","title":{"rendered":"Kontakty"},"content":{"rendered":"<section class=\"l-section wpb_row height_medium\"><div class=\"l-section-h i-cf\"><div class=\"g-cols vc_row via_grid cols_1 laptops-cols_inherit tablets-cols_inherit mobiles-cols_1 valign_top type_default stacking_default\"><div class=\"wpb_column vc_column_container\"><div class=\"vc_column-inner\"><div class=\"wpb_text_column us_custom_aecdae26\"><div class=\"wpb_wrapper\"><h1>Skontaktuj si\u0119 z nami<\/h1>\n<p>Jeste\u015bmy tutaj, aby odpowiedzie\u0107 na wszelkie pytania, kt\u00f3re mog\u0105 mie\u0107 Pa\u0144stwo dotycz\u0105ce projektu \u201ePasek Witolda\u201d. Niezale\u017cnie od tego, czy chc\u0105 Pa\u0144stwo dowiedzie\u0107 si\u0119 wi\u0119cej o naszej pracy, maj\u0105 sugesti\u0119, czy po prostu chc\u0105 si\u0119 skontaktowa\u0107, ch\u0119tnie us\u0142yszymy od Pa\u0144stwa. Prosimy o kontakt za pomoc\u0105 poni\u017cszych danych kontaktowych.  <\/p>\n<\/div><\/div><div class=\"w-separator size_medium\"><\/div><div class=\"g-cols wpb_row via_grid cols_2 laptops-cols_inherit tablets-cols_inherit mobiles-cols_1 valign_top type_default stacking_default\" style=\"--gap:3rem;\"><div class=\"wpb_column vc_column_container\"><div class=\"vc_column-inner\"><div class=\"wpb_text_column\"><div class=\"wpb_wrapper\"><h3>Telefon<\/h3>\n<p><a href=\"tel:+380997914807\" target=\"_blank\" rel=\"noopener\">+380 99 791 4807<\/a><\/p>\n<\/div><\/div><\/div><\/div><div class=\"wpb_column vc_column_container us_custom_135ab3b3\"><div class=\"vc_column-inner\"><div class=\"wpb_text_column\"><div class=\"wpb_wrapper\"><h3>Email<\/h3>\n<p><a href=\"mailto:volynfoundation.official@gmail.com\" target=\"_blank\" rel=\"noopener\">volynfoundation.official@gmail.com<\/a><\/p>\n<\/div><\/div><\/div><\/div><\/div><div class=\"w-separator size_small\"><\/div><div class=\"g-cols wpb_row via_grid cols_2 laptops-cols_inherit tablets-cols_inherit mobiles-cols_1 valign_top type_default stacking_default\" style=\"--gap:3rem;\"><div class=\"wpb_column vc_column_container us_custom_4eafdb3d\"><div class=\"vc_column-inner\"><div class=\"wpb_text_column\"><div class=\"wpb_wrapper\"><h3>Adres<\/h3>\n<p><a href=\"https:\/\/maps.app.goo.gl\/6XaaVVgurFmtgmRh9\" target=\"_blank\" rel=\"noopener\">Aleja Woli 21A, \u0141uck, Ukraina <\/a><\/p>\n<\/div><\/div><\/div><\/div><div class=\"wpb_column vc_column_container us_custom_135ab3b3\"><div class=\"vc_column-inner\"><div class=\"wpb_text_column\"><div class=\"wpb_wrapper\"><h3>Strona internetowa koordynatora<\/h3>\n<p><a href=\"https:\/\/volynfoundation.org\/en\/\" target=\"_blank\" rel=\"noopener\">volynfoundation.org\/en<\/a><\/p>\n<\/div><\/div><\/div><\/div><\/div><div class=\"w-separator size_small\"><\/div><div class=\"g-cols wpb_row via_grid cols_1 laptops-cols_inherit tablets-cols_inherit mobiles-cols_1 valign_top type_default stacking_default\" style=\"--gap:3rem;\"><div class=\"wpb_column vc_column_container us_custom_4eafdb3d\"><div class=\"vc_column-inner\"><div class=\"wpb_text_column\"><div class=\"wpb_wrapper\"><h3>Media spo\u0142eczno\u015bciowe<\/h3>\n<\/div><\/div><div class=\"w-separator size_custom\" style=\"height:30px\"><\/div><div class=\"w-socials us_custom_ba205bf8 color_link shape_none\" style=\"--gap:0.4em;\"><div class=\"w-socials-list\"><div class=\"w-socials-item facebook\"><a target=\"_blank\" rel=\"nofollow\" href=\"https:\/\/www.facebook.com\/TheBeltofVytautas\/\" class=\"w-socials-item-link\" title=\"Facebook\" aria-label=\"Facebook\"><span class=\"w-socials-item-link-hover\"><\/span><i class=\"fab fa-facebook\"><\/i><\/a><\/div><div class=\"w-socials-item instagram\"><a target=\"_blank\" rel=\"nofollow\" href=\"https:\/\/www.instagram.com\/thebeltofvytautas\/\" class=\"w-socials-item-link\" title=\"Instagram\" aria-label=\"Instagram\"><span class=\"w-socials-item-link-hover\"><\/span><i class=\"fab fa-instagram\"><\/i><\/a><\/div><\/div><\/div><div class=\"w-separator size_custom\" style=\"height:5px\"><\/div><div class=\"wpb_text_column us_custom_65915ec9\"><div class=\"wpb_wrapper\"><p>Mo\u017cesz pozosta\u0107 z nami w kontakcie i \u015bledzi\u0107 nasze najnowsze aktualno\u015bci w mediach spo\u0142eczno\u015bciowych.<\/p>\n<\/div><\/div><\/div><\/div><\/div><\/div><\/div><\/div><\/div><\/section>\n","protected":false},"excerpt":{"rendered":"Skontaktuj si\u0119 z nami Jeste\u015bmy tutaj, aby odpowiedzie\u0107 na wszelkie pytania, kt\u00f3re mog\u0105 mie\u0107 Pa\u0144stwo dotycz\u0105ce projektu \u201ePasek Witolda\u201d. Niezale\u017cnie od tego, czy chc\u0105 Pa\u0144stwo dowiedzie\u0107 si\u0119 wi\u0119cej o naszej pracy, maj\u0105 sugesti\u0119, czy po prostu chc\u0105 si\u0119 skontaktowa\u0107, ch\u0119tnie us\u0142yszymy od Pa\u0144stwa. Prosimy o kontakt za pomoc\u0105 poni\u017cszych danych kontaktowych. Telefon +380 99 791...","protected":false},"author":1,"featured_media":0,"parent":0,"menu_order":0,"comment_status":"closed","ping_status":"closed","template":"","meta":{"footnotes":""},"class_list":["post-735","page","type-page","status-publish","hentry"],"_links":{"self":[{"href":"https:\/\/www.vytautasbelt.eu\/pl\/wp-json\/wp\/v2\/pages\/735","targetHints":{"allow":["GET"]}}],"collection":[{"href":"https:\/\/www.vytautasbelt.eu\/pl\/wp-json\/wp\/v2\/pages"}],"about":[{"href":"https:\/\/www.vytautasbelt.eu\/pl\/wp-json\/wp\/v2\/types\/page"}],"author":[{"embeddable":true,"href":"https:\/\/www.vytautasbelt.eu\/pl\/wp-json\/wp\/v2\/users\/1"}],"replies":[{"embeddable":true,"href":"https:\/\/www.vytautasbelt.eu\/pl\/wp-json\/wp\/v2\/comments?post=735"}],"version-history":[{"count":0,"href":"https:\/\/www.vytautasbelt.eu\/pl\/wp-json\/wp\/v2\/pages\/735\/revisions"}],"wp:attachment":[{"href":"https:\/\/www.vytautasbelt.eu\/pl\/wp-json\/wp\/v2\/media?parent=735"}],"curies":[{"name":"wp","href":"https:\/\/api.w.org\/{rel}","templated":true}]}}