{"id":852,"date":"2024-09-24T16:59:36","date_gmt":"2024-09-24T13:59:36","guid":{"rendered":"https:\/\/www.vytautasbelt.eu\/vytauto-dirzas\/"},"modified":"2025-05-28T23:37:51","modified_gmt":"2025-05-28T20:37:51","slug":"vytauto-dirzas","status":"publish","type":"page","link":"https:\/\/www.vytautasbelt.eu\/lt\/vytauto-dirzas\/","title":{"rendered":"Vytauto dir\u017eas"},"content":{"rendered":"<section class=\"l-section wpb_row height_medium\"><div class=\"l-section-h i-cf\"><div class=\"g-cols vc_row via_grid cols_1 laptops-cols_inherit tablets-cols_inherit mobiles-cols_1 valign_top type_default stacking_default\"><div class=\"wpb_column vc_column_container\"><div class=\"vc_column-inner\"><h1 class=\"w-text\"><span class=\"w-text-h\"><span class=\"w-text-value\">Vytauto dir\u017eas<\/span><\/span><\/h1><\/div><\/div><\/div><\/div><\/section><section class=\"l-section wpb_row height_auto\"><div class=\"l-section-h i-cf\"><div class=\"g-cols vc_row via_grid cols_1 laptops-cols_inherit tablets-cols_inherit mobiles-cols_1 valign_top type_default stacking_default\"><div class=\"wpb_column vc_column_container\"><div class=\"vc_column-inner\"><h4 class=\"w-text\"><span class=\"w-text-h\"><span class=\"w-text-value\">Kunigaik\u0161\u010dio Vytauto dir\u017eas: Viduram\u017ei\u0173 lobis i\u0161 Ryt\u0173 Europos<\/span><\/span><\/h4><div class=\"wpb_text_column with_collapsible_content\" data-content-height=\"350px\"><div class=\"wpb_wrapper\"><p>Vienas i\u0161 did\u017eiojo kunigaik\u0161\u010dio Vytauto galios Ryt\u0173 Europoje simboli\u0173 yra jo i\u0161kilmingas sidabrinis kunigaik\u0161\u010dio dir\u017eas. \u0160is papuo\u0161alas buvo rastas XX a. de\u0161imtojo de\u0161imtme\u010dio prad\u017eioje netoli Lytvos kaimo, esan\u010dio Minsko srities (Baltarusija) Malad\u017ee\u010dnos rajone. Mokslininkai radin\u012f datuoja XIV-XV a. Pagal vien\u0105 i\u0161 versij\u0173 dir\u017e\u0105 Vytautui gal\u0117jo padovanoti Krymo chanas Hac\u0131 I Giray.<\/p>\n<p>Dir\u017e\u0105 sudaro vienuolika dir\u017eo plok\u0161teli\u0173, sagtis, antgalis ir dvi kvadratin\u0117s perdangos. Jis buvo pagamintas Kafos mieste (dabar Feodosijos miestas, Krymas, Ukraina). Ta\u010diau sagtys yra itali\u0161kos kilm\u0117s su lotyni\u0161ka stilistika ir rytieti\u0161ka ornamentika. Visos dir\u017eo dalys pagamintos i\u0161 sidabro, daugelis j\u0173 papuo\u0161tos auksavimu ir nielu. Toks dir\u017eas buvo galios ir riteri\u0173 garb\u0117s simbolis. Tai vienintelis \u017einomas tokio tipo radinys Ryt\u0173 Europoje.<\/p>\n<p>Nuo IX iki XVI a. tokie paauksuoti ra\u0161tuoti dir\u017eai simbolizavo auk\u0161t\u0105 kilming\u0173j\u0173, kunigaik\u0161\u010di\u0173 ir chan\u0173 \u0161eim\u0173 socialin\u012f status\u0105. Tokio vertingo dir\u017eo dovanojimas gal\u0117jo reik\u0161ti vald\u017eios perdavim\u0105, tod\u0117l \u0161io brangaus simbolio tur\u0117jimas gal\u0117jo sukelti net mirtinas kovas tarp to meto valdov\u0173. Likus metams iki 1429 m. Lucke vykusio monarch\u0173 susirinkimo, chanas Hac\u0131 I Giray, padedamas Vytauto kariuomen\u0117s, u\u017evald\u0117 Krym\u0105. Tod\u0117l vertinga dovana, \u012fteikta monarch\u0173 susirinkimo i\u0161vakar\u0117se, gal\u0117jo b\u016bti Krymo pavaldini\u0173 pad\u0117ka Vytautui. Gali b\u016bti, kad Vytautas \u0161\u012f papuo\u0161al\u0105 d\u0117v\u0117jo Lucko susirinkimo metu.<\/p>\n<p>Ilg\u0105 laik\u0105 radinys buvo saugomas priva\u010diose kolekcijose, o nuo 2006 m. &#8211; Baltarusijos nacionalinio istorijos muziejaus rinkiniuose. Voluin\u0117je Vytauto dir\u017eo kopija buvo sukurta 2021 m. etnoparke \u201eLadomyria\u201c, esan\u010diame Rivn\u0117s srities Radivilivo mieste, vykdant projekt\u0105, skirt\u0105 Vytauto epochos drabu\u017eiams atkurti.<\/p>\n<\/div><div class=\"toggle-links align_none\"><button class=\"collapsible-content-more\">Rodyti daugiau<\/button><button class=\"collapsible-content-less\">Rodyti ma\u017eiau<\/button><\/div><\/div><div class=\"w-separator size_large\"><\/div><\/div><\/div><\/div><\/div><\/section><section class=\"l-section wpb_row height_medium\"><div class=\"l-section-overlay\" style=\"background:var(--color-content-heading)\"><\/div><div class=\"l-section-h i-cf\"><div class=\"g-cols vc_row via_grid cols_1 laptops-cols_inherit tablets-cols_inherit mobiles-cols_1 valign_top type_default stacking_default\"><div class=\"wpb_column vc_column_container\"><div class=\"vc_column-inner\"><div class=\"w-separator hide_on_default hide_on_laptops hide_on_tablets size_medium\"><\/div><h2 class=\"w-text us_custom_836f727b has_text_color\"><span class=\"w-text-h\"><span class=\"w-text-value\">Pilys Vytauto dir\u017eas<\/span><\/span><\/h2><div class=\"w-text us_custom_1d78264e has_text_color\"><span class=\"w-text-h\"><span class=\"w-text-value\">Susipa\u017einkite ir tyrin\u0117kite m\u016bs\u0173 bendr\u0105 istorij\u0105. \u010cia surinkta visa naudinga informacija apie kiekvien\u0105 Vytauto dir\u017eas objekt\u0105.<\/span><\/span><\/div><div class=\"w-separator size_medium\"><\/div><div class=\"w-grid type_grid layout_437 cols_3\" id=\"us_grid_1\" style=\"--gap:1rem;\" data-filterable=\"true\"><style>@media (max-width:1024px){#us_grid_1 .w-grid-item{width:50%}}@media (max-width:600px){#us_grid_1 .w-grid-list{margin:0}#us_grid_1 .w-grid-item{width:100%;padding:0;margin-bottom:var(--gap,0px)}}.layout_437 .w-grid-item-h{}.layout_437 .usg_post_image_1{margin-bottom:0.5rem!important;border-radius:8px!important}.layout_437 .usg_post_title_1{color:var(--color-content-bg)!important;margin-top:22px!important}.layout_437 .usg_post_taxonomy_1{color:var(--color-footer-heading)!important;margin-top:5px!important;margin-bottom:5px!important}@media (min-width:1025px) and (max-width:1380px){.layout_437 .usg_post_taxonomy_1{margin-top:5px!important;margin-bottom:5px!important}}@media (min-width:601px) and (max-width:1024px){.layout_437 .usg_post_taxonomy_1{margin-top:5px!important;margin-bottom:5px!important}}@media (max-width:600px){.layout_437 .usg_post_taxonomy_1{margin-top:5px!important;margin-bottom:15px!important}}<\/style><div class=\"w-grid-list\">\t<article class=\"w-grid-item size_1x1 post-797 us_portfolio type-us_portfolio status-publish has-post-thumbnail hentry us_portfolio_category-poland-lt\" data-id=\"797\">\n\t\t<div class=\"w-grid-item-h\">\n\t\t\t\t\t\t<div class=\"w-post-elm post_image usg_post_image_1 stretched\"><a href=\"https:\/\/www.vytautasbelt.eu\/lt\/castles\/bielsko-podlaskio-pilis\/\" aria-label=\"Bielsko Podlaskio pilis\"><img decoding=\"async\" width=\"1000\" height=\"800\" src=\"https:\/\/www.vytautasbelt.eu\/wp-content\/uploads\/2024\/10\/Castle-in-Bielsk-Podlaski.jpg\" class=\"attachment-large size-large wp-post-image\" alt=\"\" srcset=\"https:\/\/www.vytautasbelt.eu\/wp-content\/uploads\/2024\/10\/Castle-in-Bielsk-Podlaski.jpg 1000w, https:\/\/www.vytautasbelt.eu\/wp-content\/uploads\/2024\/10\/Castle-in-Bielsk-Podlaski-300x240.jpg 300w\" sizes=\"(max-width: 1000px) 100vw, 1000px\" \/><\/a><\/div><h5 class=\"w-post-elm post_title usg_post_title_1 has_text_color entry-title color_link_inherit\"><a href=\"https:\/\/www.vytautasbelt.eu\/lt\/castles\/bielsko-podlaskio-pilis\/\">Bielsko Podlaskio pilis<\/a><\/h5><div class=\"w-post-elm post_taxonomy usg_post_taxonomy_1 has_text_color style_simple color_link_inherit\"><a class=\"term-25 term-poland-lt\" href=\"https:\/\/www.vytautasbelt.eu\/lt\/castles\/bielsko-podlaskio-pilis\/\">Lenkija<\/a><\/div>\t\t<\/div>\n\t\t\t<\/article>\n\t<article class=\"w-grid-item size_1x1 post-793 us_portfolio type-us_portfolio status-publish has-post-thumbnail hentry us_portfolio_category-lithuania-lt\" data-id=\"793\">\n\t\t<div class=\"w-grid-item-h\">\n\t\t\t\t\t\t<div class=\"w-post-elm post_image usg_post_image_1 stretched\"><a href=\"https:\/\/www.vytautasbelt.eu\/lt\/castles\/traku-pusiasalio-pilis\/\" aria-label=\"Trak\u0173 pusiasalio pilis\"><img decoding=\"async\" width=\"1000\" height=\"800\" src=\"https:\/\/www.vytautasbelt.eu\/wp-content\/uploads\/2024\/09\/Trakai-Peninsula-Castle.jpg\" class=\"attachment-large size-large wp-post-image\" alt=\"\" srcset=\"https:\/\/www.vytautasbelt.eu\/wp-content\/uploads\/2024\/09\/Trakai-Peninsula-Castle.jpg 1000w, https:\/\/www.vytautasbelt.eu\/wp-content\/uploads\/2024\/09\/Trakai-Peninsula-Castle-300x240.jpg 300w\" sizes=\"(max-width: 1000px) 100vw, 1000px\" \/><\/a><\/div><h5 class=\"w-post-elm post_title usg_post_title_1 has_text_color entry-title color_link_inherit\"><a href=\"https:\/\/www.vytautasbelt.eu\/lt\/castles\/traku-pusiasalio-pilis\/\">Trak\u0173 pusiasalio pilis<\/a><\/h5><div class=\"w-post-elm post_taxonomy usg_post_taxonomy_1 has_text_color style_simple color_link_inherit\"><a class=\"term-28 term-lithuania-lt\" href=\"https:\/\/www.vytautasbelt.eu\/lt\/castles\/traku-pusiasalio-pilis\/\">Lietuva<\/a><\/div>\t\t<\/div>\n\t\t\t<\/article>\n\t<article class=\"w-grid-item size_1x1 post-788 us_portfolio type-us_portfolio status-publish has-post-thumbnail hentry us_portfolio_category-ukraine-lt\" data-id=\"788\">\n\t\t<div class=\"w-grid-item-h\">\n\t\t\t\t\t\t<div class=\"w-post-elm post_image usg_post_image_1 stretched\"><a href=\"https:\/\/www.vytautasbelt.eu\/lt\/castles\/kremeneco-pilis\/\" aria-label=\"Kremeneco pilis\"><img decoding=\"async\" width=\"1000\" height=\"800\" src=\"https:\/\/www.vytautasbelt.eu\/wp-content\/uploads\/2024\/09\/Kremenets-Castle.jpg\" class=\"attachment-large size-large wp-post-image\" alt=\"\" srcset=\"https:\/\/www.vytautasbelt.eu\/wp-content\/uploads\/2024\/09\/Kremenets-Castle.jpg 1000w, https:\/\/www.vytautasbelt.eu\/wp-content\/uploads\/2024\/09\/Kremenets-Castle-300x240.jpg 300w\" sizes=\"(max-width: 1000px) 100vw, 1000px\" \/><\/a><\/div><h5 class=\"w-post-elm post_title usg_post_title_1 has_text_color entry-title color_link_inherit\"><a href=\"https:\/\/www.vytautasbelt.eu\/lt\/castles\/kremeneco-pilis\/\">Kremeneco pilis<\/a><\/h5><div class=\"w-post-elm post_taxonomy usg_post_taxonomy_1 has_text_color style_simple color_link_inherit\"><a class=\"term-22 term-ukraine-lt\" href=\"https:\/\/www.vytautasbelt.eu\/lt\/castles\/kremeneco-pilis\/\">Ukraina<\/a><\/div>\t\t<\/div>\n\t\t\t<\/article>\n\t<article class=\"w-grid-item size_1x1 post-786 us_portfolio type-us_portfolio status-publish has-post-thumbnail hentry us_portfolio_category-ukraine-lt\" data-id=\"786\">\n\t\t<div class=\"w-grid-item-h\">\n\t\t\t\t\t\t<div class=\"w-post-elm post_image usg_post_image_1 stretched\"><a href=\"https:\/\/www.vytautasbelt.eu\/lt\/castles\/vytauto-bokstas\/\" aria-label=\"Vytauto bok\u0161tas\"><img decoding=\"async\" width=\"1000\" height=\"800\" src=\"https:\/\/www.vytautasbelt.eu\/wp-content\/uploads\/2024\/08\/Vytautas-Tower.jpg\" class=\"attachment-large size-large wp-post-image\" alt=\"\" srcset=\"https:\/\/www.vytautasbelt.eu\/wp-content\/uploads\/2024\/08\/Vytautas-Tower.jpg 1000w, https:\/\/www.vytautasbelt.eu\/wp-content\/uploads\/2024\/08\/Vytautas-Tower-300x240.jpg 300w\" sizes=\"(max-width: 1000px) 100vw, 1000px\" \/><\/a><\/div><h5 class=\"w-post-elm post_title usg_post_title_1 has_text_color entry-title color_link_inherit\"><a href=\"https:\/\/www.vytautasbelt.eu\/lt\/castles\/vytauto-bokstas\/\">Vytauto bok\u0161tas<\/a><\/h5><div class=\"w-post-elm post_taxonomy usg_post_taxonomy_1 has_text_color style_simple color_link_inherit\"><a class=\"term-22 term-ukraine-lt\" href=\"https:\/\/www.vytautasbelt.eu\/lt\/castles\/vytauto-bokstas\/\">Ukraina<\/a><\/div>\t\t<\/div>\n\t\t\t<\/article>\n\t<article class=\"w-grid-item size_1x1 post-794 us_portfolio type-us_portfolio status-publish has-post-thumbnail hentry us_portfolio_category-lithuania-lt\" data-id=\"794\">\n\t\t<div class=\"w-grid-item-h\">\n\t\t\t\t\t\t<div class=\"w-post-elm post_image usg_post_image_1 stretched\"><a href=\"https:\/\/www.vytautasbelt.eu\/lt\/castles\/vilniaus-aukstutine-pilis\/\" aria-label=\"Vilniaus Auk\u0161tutin\u0117 pilis\"><img decoding=\"async\" width=\"1000\" height=\"800\" src=\"https:\/\/www.vytautasbelt.eu\/wp-content\/uploads\/2024\/09\/Vilnius-Upper-Castle.jpg\" class=\"attachment-large size-large wp-post-image\" alt=\"\" srcset=\"https:\/\/www.vytautasbelt.eu\/wp-content\/uploads\/2024\/09\/Vilnius-Upper-Castle.jpg 1000w, https:\/\/www.vytautasbelt.eu\/wp-content\/uploads\/2024\/09\/Vilnius-Upper-Castle-300x240.jpg 300w\" sizes=\"(max-width: 1000px) 100vw, 1000px\" \/><\/a><\/div><h5 class=\"w-post-elm post_title usg_post_title_1 has_text_color entry-title color_link_inherit\"><a href=\"https:\/\/www.vytautasbelt.eu\/lt\/castles\/vilniaus-aukstutine-pilis\/\">Vilniaus Auk\u0161tutin\u0117 pilis<\/a><\/h5><div class=\"w-post-elm post_taxonomy usg_post_taxonomy_1 has_text_color style_simple color_link_inherit\"><a class=\"term-28 term-lithuania-lt\" href=\"https:\/\/www.vytautasbelt.eu\/lt\/castles\/vilniaus-aukstutine-pilis\/\">Lietuva<\/a><\/div>\t\t<\/div>\n\t\t\t<\/article>\n\t<article class=\"w-grid-item size_1x1 post-789 us_portfolio type-us_portfolio status-publish has-post-thumbnail hentry us_portfolio_category-ukraine-lt\" data-id=\"789\">\n\t\t<div class=\"w-grid-item-h\">\n\t\t\t\t\t\t<div class=\"w-post-elm post_image usg_post_image_1 stretched\"><a href=\"https:\/\/www.vytautasbelt.eu\/lt\/castles\/lucko-pilis\/\" aria-label=\"Lucko pilis\"><img decoding=\"async\" width=\"1000\" height=\"800\" src=\"https:\/\/www.vytautasbelt.eu\/wp-content\/uploads\/2024\/09\/Lutsk-Castle.jpg\" class=\"attachment-large size-large wp-post-image\" alt=\"\" srcset=\"https:\/\/www.vytautasbelt.eu\/wp-content\/uploads\/2024\/09\/Lutsk-Castle.jpg 1000w, https:\/\/www.vytautasbelt.eu\/wp-content\/uploads\/2024\/09\/Lutsk-Castle-300x240.jpg 300w\" sizes=\"(max-width: 1000px) 100vw, 1000px\" \/><\/a><\/div><h5 class=\"w-post-elm post_title usg_post_title_1 has_text_color entry-title color_link_inherit\"><a href=\"https:\/\/www.vytautasbelt.eu\/lt\/castles\/lucko-pilis\/\">Lucko pilis<\/a><\/h5><div class=\"w-post-elm post_taxonomy usg_post_taxonomy_1 has_text_color style_simple color_link_inherit\"><a class=\"term-22 term-ukraine-lt\" href=\"https:\/\/www.vytautasbelt.eu\/lt\/castles\/lucko-pilis\/\">Ukraina<\/a><\/div>\t\t<\/div>\n\t\t\t<\/article>\n\t<article class=\"w-grid-item size_1x1 post-791 us_portfolio type-us_portfolio status-publish has-post-thumbnail hentry us_portfolio_category-lithuania-lt\" data-id=\"791\">\n\t\t<div class=\"w-grid-item-h\">\n\t\t\t\t\t\t<div class=\"w-post-elm post_image usg_post_image_1 stretched\"><a href=\"https:\/\/www.vytautasbelt.eu\/lt\/castles\/merkines-pilis\/\" aria-label=\"Merkin\u0117s pilis\"><img decoding=\"async\" width=\"1000\" height=\"800\" src=\"https:\/\/www.vytautasbelt.eu\/wp-content\/uploads\/2024\/09\/Merkine-Castle.jpg\" class=\"attachment-large size-large wp-post-image\" alt=\"\" srcset=\"https:\/\/www.vytautasbelt.eu\/wp-content\/uploads\/2024\/09\/Merkine-Castle.jpg 1000w, https:\/\/www.vytautasbelt.eu\/wp-content\/uploads\/2024\/09\/Merkine-Castle-300x240.jpg 300w\" sizes=\"(max-width: 1000px) 100vw, 1000px\" \/><\/a><\/div><h5 class=\"w-post-elm post_title usg_post_title_1 has_text_color entry-title color_link_inherit\"><a href=\"https:\/\/www.vytautasbelt.eu\/lt\/castles\/merkines-pilis\/\">Merkin\u0117s pilis<\/a><\/h5><div class=\"w-post-elm post_taxonomy usg_post_taxonomy_1 has_text_color style_simple color_link_inherit\"><a class=\"term-28 term-lithuania-lt\" href=\"https:\/\/www.vytautasbelt.eu\/lt\/castles\/merkines-pilis\/\">Lietuva<\/a><\/div>\t\t<\/div>\n\t\t\t<\/article>\n\t<article class=\"w-grid-item size_1x1 post-796 us_portfolio type-us_portfolio status-publish has-post-thumbnail hentry us_portfolio_category-poland-lt\" data-id=\"796\">\n\t\t<div class=\"w-grid-item-h\">\n\t\t\t\t\t\t<div class=\"w-post-elm post_image usg_post_image_1 stretched\"><a href=\"https:\/\/www.vytautasbelt.eu\/lt\/castles\/mielniko-pilis\/\" aria-label=\"Mielniko pilis\"><img decoding=\"async\" width=\"1000\" height=\"800\" src=\"https:\/\/www.vytautasbelt.eu\/wp-content\/uploads\/2024\/10\/Castle-in-Mielnik.jpg\" class=\"attachment-large size-large wp-post-image\" alt=\"\" srcset=\"https:\/\/www.vytautasbelt.eu\/wp-content\/uploads\/2024\/10\/Castle-in-Mielnik.jpg 1000w, https:\/\/www.vytautasbelt.eu\/wp-content\/uploads\/2024\/10\/Castle-in-Mielnik-300x240.jpg 300w\" sizes=\"(max-width: 1000px) 100vw, 1000px\" \/><\/a><\/div><h5 class=\"w-post-elm post_title usg_post_title_1 has_text_color entry-title color_link_inherit\"><a href=\"https:\/\/www.vytautasbelt.eu\/lt\/castles\/mielniko-pilis\/\">Mielniko pilis<\/a><\/h5><div class=\"w-post-elm post_taxonomy usg_post_taxonomy_1 has_text_color style_simple color_link_inherit\"><a class=\"term-25 term-poland-lt\" href=\"https:\/\/www.vytautasbelt.eu\/lt\/castles\/mielniko-pilis\/\">Lenkija<\/a><\/div>\t\t<\/div>\n\t\t\t<\/article>\n\t<article class=\"w-grid-item size_1x1 post-790 us_portfolio type-us_portfolio status-publish has-post-thumbnail hentry us_portfolio_category-ukraine-lt\" data-id=\"790\">\n\t\t<div class=\"w-grid-item-h\">\n\t\t\t\t\t\t<div class=\"w-post-elm post_image usg_post_image_1 stretched\"><a href=\"https:\/\/www.vytautasbelt.eu\/lt\/castles\/tyagyno-tvirtove\/\" aria-label=\"Tyagyno tvirtov\u0117\"><img decoding=\"async\" width=\"1000\" height=\"800\" src=\"https:\/\/www.vytautasbelt.eu\/wp-content\/uploads\/2024\/09\/Tyagyn-Fortress.jpg\" class=\"attachment-large size-large wp-post-image\" alt=\"\" srcset=\"https:\/\/www.vytautasbelt.eu\/wp-content\/uploads\/2024\/09\/Tyagyn-Fortress.jpg 1000w, https:\/\/www.vytautasbelt.eu\/wp-content\/uploads\/2024\/09\/Tyagyn-Fortress-300x240.jpg 300w\" sizes=\"(max-width: 1000px) 100vw, 1000px\" \/><\/a><\/div><h5 class=\"w-post-elm post_title usg_post_title_1 has_text_color entry-title color_link_inherit\"><a href=\"https:\/\/www.vytautasbelt.eu\/lt\/castles\/tyagyno-tvirtove\/\">Tyagyno tvirtov\u0117<\/a><\/h5><div class=\"w-post-elm post_taxonomy usg_post_taxonomy_1 has_text_color style_simple color_link_inherit\"><a class=\"term-22 term-ukraine-lt\" href=\"https:\/\/www.vytautasbelt.eu\/lt\/castles\/tyagyno-tvirtove\/\">Ukraina<\/a><\/div>\t\t<\/div>\n\t\t\t<\/article>\n\t<article class=\"w-grid-item size_1x1 post-795 us_portfolio type-us_portfolio status-publish has-post-thumbnail hentry us_portfolio_category-poland-lt\" data-id=\"795\">\n\t\t<div class=\"w-grid-item-h\">\n\t\t\t\t\t\t<div class=\"w-post-elm post_image usg_post_image_1 stretched\"><a href=\"https:\/\/www.vytautasbelt.eu\/lt\/castles\/drohicino-pilis\/\" aria-label=\"Drohi\u010dino pilis\"><img decoding=\"async\" width=\"1000\" height=\"800\" src=\"https:\/\/www.vytautasbelt.eu\/wp-content\/uploads\/2024\/10\/Drohiczyn-Castle.jpg\" class=\"attachment-large size-large wp-post-image\" alt=\"\" srcset=\"https:\/\/www.vytautasbelt.eu\/wp-content\/uploads\/2024\/10\/Drohiczyn-Castle.jpg 1000w, https:\/\/www.vytautasbelt.eu\/wp-content\/uploads\/2024\/10\/Drohiczyn-Castle-300x240.jpg 300w\" sizes=\"(max-width: 1000px) 100vw, 1000px\" \/><\/a><\/div><h5 class=\"w-post-elm post_title usg_post_title_1 has_text_color entry-title color_link_inherit\"><a href=\"https:\/\/www.vytautasbelt.eu\/lt\/castles\/drohicino-pilis\/\">Drohi\u010dino pilis<\/a><\/h5><div class=\"w-post-elm post_taxonomy usg_post_taxonomy_1 has_text_color style_simple color_link_inherit\"><a class=\"term-25 term-poland-lt\" href=\"https:\/\/www.vytautasbelt.eu\/lt\/castles\/drohicino-pilis\/\">Lenkija<\/a><\/div>\t\t<\/div>\n\t\t\t<\/article>\n\t<article class=\"w-grid-item size_1x1 post-787 us_portfolio type-us_portfolio status-publish has-post-thumbnail hentry us_portfolio_category-ukraine-lt\" data-id=\"787\">\n\t\t<div class=\"w-grid-item-h\">\n\t\t\t\t\t\t<div class=\"w-post-elm post_image usg_post_image_1 stretched\"><a href=\"https:\/\/www.vytautasbelt.eu\/lt\/castles\/kijevo-pilis\/\" aria-label=\"Kijevo pilis\"><img decoding=\"async\" width=\"1000\" height=\"800\" src=\"https:\/\/www.vytautasbelt.eu\/wp-content\/uploads\/2024\/09\/Kyiv-Castle.jpg\" class=\"attachment-large size-large wp-post-image\" alt=\"\" srcset=\"https:\/\/www.vytautasbelt.eu\/wp-content\/uploads\/2024\/09\/Kyiv-Castle.jpg 1000w, https:\/\/www.vytautasbelt.eu\/wp-content\/uploads\/2024\/09\/Kyiv-Castle-300x240.jpg 300w\" sizes=\"(max-width: 1000px) 100vw, 1000px\" \/><\/a><\/div><h5 class=\"w-post-elm post_title usg_post_title_1 has_text_color entry-title color_link_inherit\"><a href=\"https:\/\/www.vytautasbelt.eu\/lt\/castles\/kijevo-pilis\/\">Kijevo pilis<\/a><\/h5><div class=\"w-post-elm post_taxonomy usg_post_taxonomy_1 has_text_color style_simple color_link_inherit\"><a class=\"term-22 term-ukraine-lt\" href=\"https:\/\/www.vytautasbelt.eu\/lt\/castles\/kijevo-pilis\/\">Ukraina<\/a><\/div>\t\t<\/div>\n\t\t\t<\/article>\n<\/div><div class=\"w-grid-preloader\">\t<div class=\"g-preloader type_1\">\n\t\t<div><\/div>\n\t<\/div>\n\t<\/div>\t<div class=\"w-grid-json hidden\" onclick='return {&quot;action&quot;:&quot;us_ajax_grid&quot;,&quot;infinite_scroll&quot;:0,&quot;max_num_pages&quot;:1,&quot;pagination&quot;:&quot;none&quot;,&quot;template_vars&quot;:{&quot;columns&quot;:&quot;3&quot;,&quot;exclude_items&quot;:&quot;none&quot;,&quot;img_size&quot;:&quot;default&quot;,&quot;ignore_items_size&quot;:0,&quot;items_layout&quot;:&quot;437&quot;,&quot;items_offset&quot;:&quot;1&quot;,&quot;load_animation&quot;:&quot;none&quot;,&quot;overriding_link&quot;:&quot;%7B%22url%22%3A%22%22%7D&quot;,&quot;post_id&quot;:0,&quot;query_args&quot;:{&quot;post_type&quot;:[&quot;us_portfolio&quot;],&quot;post_status&quot;:[&quot;publish&quot;],&quot;posts_per_page&quot;:&quot;12&quot;},&quot;orderby_query_args&quot;:{&quot;orderby&quot;:&quot;RAND(569719338)&quot;},&quot;type&quot;:&quot;grid&quot;,&quot;us_grid_post_type&quot;:&quot;us_portfolio&quot;,&quot;us_grid_ajax_index&quot;:1,&quot;us_grid_filter_query_string&quot;:null,&quot;us_grid_index&quot;:1,&quot;page_args&quot;:[],&quot;lang&quot;:&quot;lt&quot;}}'><\/div>\n\t<\/div><\/div><\/div><\/div><\/div><\/section><section class=\"l-section wpb_row height_medium\"><div class=\"l-section-h i-cf\"><div class=\"g-cols vc_row via_grid cols_1 laptops-cols_inherit tablets-cols_inherit mobiles-cols_1 valign_top type_default stacking_default\"><div class=\"wpb_column vc_column_container\"><div class=\"vc_column-inner\"><h2 class=\"w-text\"><span class=\"w-text-h\"><span class=\"w-text-value\">Interaktyvus pili\u0173 \u017eem\u0117lapis<\/span><\/span><\/h2><div class=\"w-text us_custom_c08b5570\"><span class=\"w-text-h\"><span class=\"w-text-value\">Nor\u0117dami tyrin\u0117ti pilis, naudokite nar\u0161ymo mygtukus interaktyviame \u017eem\u0117lapyje.<\/span><\/span><\/div><div class=\"w-separator size_small\"><\/div><div class=\"w-html\"><iframe loading=\"lazy\" src=\"https:\/\/uploads.knightlab.com\/storymapjs\/e06c6dc073ca06053a4639abad4722c6\/poias-vitovta\/index.html\" frameborder=\"0\" width=\"100%\" height=\"800\"><\/iframe><\/div><\/div><\/div><\/div><\/div><\/section><section class=\"l-section wpb_row height_medium\"><div class=\"l-section-h i-cf\"><div class=\"g-cols vc_row via_grid cols_1 laptops-cols_inherit tablets-cols_inherit mobiles-cols_1 valign_top type_default stacking_default\"><div class=\"wpb_column vc_column_container\"><div class=\"vc_column-inner\"><h2 class=\"w-text\"><span class=\"w-text-h\"><span class=\"w-text-value\">Sklaidos med\u017eiaga<\/span><\/span><\/h2><div class=\"w-text\"><span class=\"w-text-h\"><span class=\"w-text-value\">Interaktyvius lankstinukus galima nemokamai atsisi\u0173sti \u010dia<\/span><\/span><\/div><div class=\"w-separator size_medium\"><\/div><div class=\"w-btn-wrapper align_none\"><a class=\"w-btn us-btn-style_4\" href=\"https:\/\/drive.google.com\/drive\/folders\/1kGW3cN8kTw9LeL4Ac-TiBhf1uyQmGAZ1?usp=drive_link\"><span class=\"w-btn-label\">Nemokamas atsisiuntimas<\/span><\/a><\/div><div class=\"w-separator size_medium\"><\/div><\/div><\/div><\/div><\/div><\/section>\n","protected":false},"excerpt":{"rendered":"Kijevo pilisUkraina[vc_raw_html]JTNDZGl2JTIwY2xhc3MlM0QlMjJza2V0Y2hmYWItZW1iZWQtd3JhcHBlciUyMiUyMHN0eWxlJTNEJTIyd2lkdGglM0ElMjAxMDAlMjUlM0IlMjBtYXgtd2lkdGglM0ElMjAxMDAlMjUlM0IlMjIlM0UlMEElMDklM0NpZnJhbWUlMjB0aXRsZSUzRCUyMkt5aXYlMjIlMjBmcmFtZWJvcmRlciUzRCUyMjAlMjIlMjBhbGxvd2Z1bGxzY3JlZW4lMjBtb3phbGxvd2Z1bGxzY3JlZW4lM0QlMjJ0cnVlJTIyJTIwd2Via2l0YWxsb3dmdWxsc2NyZWVuJTNEJTIydHJ1ZSUyMiUyMGFsbG93JTNEJTIyYXV0b3BsYXklM0IlMjBmdWxsc2NyZWVuJTNCJTIweHItc3BhdGlhbC10cmFja2luZyUyMiUyMHhyLXNwYXRpYWwtdHJhY2tpbmclMjBleGVjdXRpb24td2hpbGUtb3V0LW9mLXZpZXdwb3J0JTIwZXhlY3V0aW9uLXdoaWxlLW5vdC1yZW5kZXJlZCUyMHdlYi1zaGFyZSUyMHNyYyUzRCUyMmh0dHBzJTNBJTJGJTJGc2tldGNoZmFiLmNvbSUyRm1vZGVscyUyRmMxY2ViNjUwYTkxNzQ4ZjM5NWM4ZDQ2YzQwYjA0OGQ5JTJGZW1iZWQlM0ZhdXRvc3RhcnQlM0QxJTI2dWlfaW5mb3MlM0QwJTI2dWlfd2F0ZXJtYXJrX2xpbmslM0QwJTI2dWlfd2F0ZXJtYXJrJTNEMCUyMiUyMHN0eWxlJTNEJTIyd2lkdGglM0ElMjAxMDAlMjUlM0IlMjBoZWlnaHQlM0ElMjA0ODBweCUzQiUyMiUzRSUzQyUyRmlmcmFtZSUzRSUwQSUzQyUyRmRpdiUzRQ==[\/vc_raw_html]Archeologinis draustinis Pilies kalnasGeolokacijaGoogle Maps nuoroda AdresasPilies kalnas, istorin\u0117 vietov\u0117 Podilyje, Kijeve, 04070 Papildoma informacijaVikipedijos nuoroda Sketchfab3D modelio tiesiogin\u0117 nuoroda Apie Kijevo pil\u012f Pasak paties kunigaik\u0161\u010dio Vytauto, Kijevas buvo jo kar\u016bnos brangakmenis, arba, kaip v\u0117liau sak\u0117 Lietuvos pareig\u016bnai, \u201evartai \u012f valdovo valdas\u201c. Kijevo pilis buvo XIV a. pastatyta tvirtov\u0117. Joje buvo vienas keturkampis ir...","protected":false},"author":1,"featured_media":0,"parent":0,"menu_order":0,"comment_status":"closed","ping_status":"closed","template":"","meta":{"footnotes":""},"class_list":["post-852","page","type-page","status-publish","hentry"],"_links":{"self":[{"href":"https:\/\/www.vytautasbelt.eu\/lt\/wp-json\/wp\/v2\/pages\/852","targetHints":{"allow":["GET"]}}],"collection":[{"href":"https:\/\/www.vytautasbelt.eu\/lt\/wp-json\/wp\/v2\/pages"}],"about":[{"href":"https:\/\/www.vytautasbelt.eu\/lt\/wp-json\/wp\/v2\/types\/page"}],"author":[{"embeddable":true,"href":"https:\/\/www.vytautasbelt.eu\/lt\/wp-json\/wp\/v2\/users\/1"}],"replies":[{"embeddable":true,"href":"https:\/\/www.vytautasbelt.eu\/lt\/wp-json\/wp\/v2\/comments?post=852"}],"version-history":[{"count":2,"href":"https:\/\/www.vytautasbelt.eu\/lt\/wp-json\/wp\/v2\/pages\/852\/revisions"}],"predecessor-version":[{"id":1145,"href":"https:\/\/www.vytautasbelt.eu\/lt\/wp-json\/wp\/v2\/pages\/852\/revisions\/1145"}],"wp:attachment":[{"href":"https:\/\/www.vytautasbelt.eu\/lt\/wp-json\/wp\/v2\/media?parent=852"}],"curies":[{"name":"wp","href":"https:\/\/api.w.org\/{rel}","templated":true}]}}