{"id":838,"date":"2024-08-22T16:22:07","date_gmt":"2024-08-22T13:22:07","guid":{"rendered":"https:\/\/www.vytautasbelt.eu\/naujienos-ir-ivykiai\/"},"modified":"2024-08-22T16:22:07","modified_gmt":"2024-08-22T13:22:07","slug":"naujienos-ir-ivykiai","status":"publish","type":"page","link":"https:\/\/www.vytautasbelt.eu\/lt\/naujienos-ir-ivykiai\/","title":{"rendered":"Naujienos ir \u012fvykiai"},"content":{"rendered":"<section class=\"l-section wpb_row height_medium\"><div class=\"l-section-h i-cf\"><div class=\"g-cols vc_row via_grid cols_1 laptops-cols_inherit tablets-cols_inherit mobiles-cols_1 valign_top type_default stacking_default\"><div class=\"wpb_column vc_column_container\"><div class=\"vc_column-inner\"><h1 class=\"w-text\"><span class=\"w-text-h\"><span class=\"w-text-value\">Naujienos ir \u012fvykiai<\/span><\/span><\/h1><\/div><\/div><\/div><\/div><\/section><section class=\"l-section wpb_row height_medium\"><div class=\"l-section-h i-cf\"><div class=\"g-cols vc_row via_grid cols_1 laptops-cols_inherit tablets-cols_inherit mobiles-cols_1 valign_top type_default stacking_default\"><div class=\"wpb_column vc_column_container\"><div class=\"vc_column-inner\"><div class=\"w-grid type_grid layout_183 pagination_regular\" id=\"us_grid_1\" style=\"--gap:3rem;\" data-filterable=\"true\"><style>.layout_183 .w-grid-item-h{}.layout_183 .usg_post_image_1{width:45%!important;max-width:400px!important;border-radius:16px!important}.layout_183 .usg_post_title_1{font-size:1.6rem!important;font-weight:700!important;margin-bottom:0.2rem!important}.layout_183 .usg_vwrapper_1{width:55%!important;padding-left:2rem!important;padding-top:0!important}.layout_183 .usg_post_date_1{color:var(--color-content-faded)!important;font-size:0.9rem!important;margin-bottom:auto!important}.layout_183 .usg_post_content_1{margin-top:1rem!important;margin-bottom:1.3rem!important}.layout_183 .usg_text_1{color:var(--color-content-text)!important;font-size:0.9rem!important;line-height:1!important;margin-top:auto!important}@media (min-width:1025px) and (max-width:1380px){.layout_183 .usg_post_image_1{width:45%!important}.layout_183 .usg_post_title_1{font-size:1.6rem!important;font-weight:700!important}.layout_183 .usg_vwrapper_1{width:55%!important;padding-left:2rem!important;padding-top:0!important}}@media (min-width:601px) and (max-width:1024px){.layout_183 .usg_post_image_1{width:100%!important}.layout_183 .usg_post_title_1{font-size:1.6rem!important;font-weight:700!important}.layout_183 .usg_vwrapper_1{width:100%!important;max-width:600px!important;padding-left:0!important;padding-right:0!important;padding-top:1rem!important}}@media (max-width:600px){.layout_183 .usg_post_image_1{width:100%!important}.layout_183 .usg_post_title_1{font-size:1.3rem!important;font-weight:700!important}.layout_183 .usg_vwrapper_1{width:100%!important;padding-left:0!important;padding-right:0!important;padding-top:1rem!important}.layout_183 .usg_text_1{font-size:1rem!important}}<\/style><div class=\"w-grid-list\">\t<article class=\"w-grid-item size_1x1 post-1101 post type-post status-publish format-standard has-post-thumbnail hentry category-uncategorized-lt\" data-id=\"1101\">\n\t\t<div class=\"w-grid-item-h\">\n\t\t\t\t\t\t<div class=\"w-hwrapper usg_hwrapper_1 align_none valign_stretch wrap\" style=\"--hwrapper-gap:0rem\"><div class=\"w-post-elm post_image usg_post_image_1 has_width has_ratio\"><a href=\"https:\/\/www.vytautasbelt.eu\/lt\/volyn-foundation-on-the-key-skills-for-strategic-partnerships-with-european-culture-institutions-workshop\/\" aria-label=\"Voluin\u0117s fondo seminaras \u201ePagrindiniai strategin\u0117s partneryst\u0117s su Europos kult\u016bros institucijomis \u012fg\u016bd\u017eiai\u201c\"><img decoding=\"async\" width=\"1000\" height=\"750\" src=\"https:\/\/www.vytautasbelt.eu\/wp-content\/uploads\/2025\/04\/4.1-e1745673936625.jpg\" class=\"attachment-large size-large wp-post-image\" alt=\"\" \/><\/a><div style=\"padding-bottom:75%\"><\/div><\/div><div class=\"w-vwrapper usg_vwrapper_1 align_none valign_top\"><h2 class=\"w-post-elm post_title usg_post_title_1 entry-title color_link_inherit\"><a href=\"https:\/\/www.vytautasbelt.eu\/lt\/volyn-foundation-on-the-key-skills-for-strategic-partnerships-with-european-culture-institutions-workshop\/\">Voluin\u0117s fondo seminaras \u201ePagrindiniai strategin\u0117s partneryst\u0117s su Europos kult\u016bros institucijomis \u012fg\u016bd\u017eiai\u201c<\/a><\/h2><time class=\"w-post-elm post_date usg_post_date_1 has_text_color entry-date published\" datetime=\"2025-01-18T16:24:19+02:00\">18.01.2025<\/time><div class=\"w-post-elm post_content usg_post_content_1\">2025 m. sausio 16\u201317 d. Lvive Voluin\u0117s fondas kartu sureng\u0117 seminar\u0105 \u201ePagrindiniai strategin\u0117s partneryst\u0117s su Europos kult\u016bros institucijomis \u012fg\u016bd\u017eiai\u201c. Renginys vyko bendradarbiaujant su Kult\u016bros ir strategin\u0117s komunikacijos ministerija, \u201eK\u016brybi\u0161kos Europos\u201c&hellip;<\/div><div class=\"w-text usg_text_1 has_text_color icon_atleft\"><a href=\"https:\/\/www.vytautasbelt.eu\/lt\/volyn-foundation-on-the-key-skills-for-strategic-partnerships-with-european-culture-institutions-workshop\/\" class=\"w-text-h\"><i class=\"far fa-plus\"><\/i><span class=\"w-text-value\">Learn more<\/span><\/a><\/div><\/div><\/div>\t\t<\/div>\n\t\t\t<\/article>\n\t<article class=\"w-grid-item size_1x1 post-1021 post type-post status-publish format-standard has-post-thumbnail hentry category-uncategorized-lt\" data-id=\"1021\">\n\t\t<div class=\"w-grid-item-h\">\n\t\t\t\t\t\t<div class=\"w-hwrapper usg_hwrapper_1 align_none valign_stretch wrap\" style=\"--hwrapper-gap:0rem\"><div class=\"w-post-elm post_image usg_post_image_1 has_width has_ratio\"><a href=\"https:\/\/www.vytautasbelt.eu\/lt\/dgtran-s-journey-milestones-in-digitizing-the-legacy-of-vytautas-the-great\/\" aria-label=\"DGTRAN kelion\u0117: Vytauto Did\u017eiojo palikimo skaitmeninimo etapai\"><img decoding=\"async\" width=\"1000\" height=\"750\" src=\"https:\/\/www.vytautasbelt.eu\/wp-content\/uploads\/2025\/01\/DGTRANs-Journey-Milestones-in-Digitizing-the-Legacy-of-Vytautas-the-Great.jpeg\" class=\"attachment-large size-large wp-post-image\" alt=\"DGTRAN\u2019s Journey Milestones in Digitizing the Legacy of Vytautas the Great\" srcset=\"https:\/\/www.vytautasbelt.eu\/wp-content\/uploads\/2025\/01\/DGTRANs-Journey-Milestones-in-Digitizing-the-Legacy-of-Vytautas-the-Great.jpeg 1000w, https:\/\/www.vytautasbelt.eu\/wp-content\/uploads\/2025\/01\/DGTRANs-Journey-Milestones-in-Digitizing-the-Legacy-of-Vytautas-the-Great-300x225.jpeg 300w\" sizes=\"(max-width: 1000px) 100vw, 1000px\" \/><\/a><div style=\"padding-bottom:75%\"><\/div><\/div><div class=\"w-vwrapper usg_vwrapper_1 align_none valign_top\"><h2 class=\"w-post-elm post_title usg_post_title_1 entry-title color_link_inherit\"><a href=\"https:\/\/www.vytautasbelt.eu\/lt\/dgtran-s-journey-milestones-in-digitizing-the-legacy-of-vytautas-the-great\/\">DGTRAN kelion\u0117: Vytauto Did\u017eiojo palikimo skaitmeninimo etapai<\/a><\/h2><time class=\"w-post-elm post_date usg_post_date_1 has_text_color entry-date published\" datetime=\"2025-01-16T22:09:57+02:00\">16.01.2025<\/time><div class=\"w-post-elm post_content usg_post_content_1\">DGTRAN projektas, kuriam vadovauja Volyn\u0117s fondas ir remia K\u016brybi\u0161kos Europos programa i\u0161 naujo apibr\u0117\u017eia, kaip saugome kult\u016bros paveld\u0105. M\u016bs\u0173 ambicinga iniciatyva pasitelkia pa\u017eangiausias 3D ir AR technologijas, kad pagerbt\u0173 Vytauto&hellip;<\/div><div class=\"w-text usg_text_1 has_text_color icon_atleft\"><a href=\"https:\/\/www.vytautasbelt.eu\/lt\/dgtran-s-journey-milestones-in-digitizing-the-legacy-of-vytautas-the-great\/\" class=\"w-text-h\"><i class=\"far fa-plus\"><\/i><span class=\"w-text-value\">Learn more<\/span><\/a><\/div><\/div><\/div>\t\t<\/div>\n\t\t\t<\/article>\n\t<article class=\"w-grid-item size_1x1 post-1006 post type-post status-publish format-standard has-post-thumbnail hentry category-uncategorized-lt\" data-id=\"1006\">\n\t\t<div class=\"w-grid-item-h\">\n\t\t\t\t\t\t<div class=\"w-hwrapper usg_hwrapper_1 align_none valign_stretch wrap\" style=\"--hwrapper-gap:0rem\"><div class=\"w-post-elm post_image usg_post_image_1 has_width has_ratio\"><a href=\"https:\/\/www.vytautasbelt.eu\/lt\/polish-castles-crossroads-of-vytautas-legacy\/\" aria-label=\"Lenkijos pilys \u2013 Vytauto palikimo kry\u017ekel\u0117\"><img decoding=\"async\" width=\"1000\" height=\"667\" src=\"https:\/\/www.vytautasbelt.eu\/wp-content\/uploads\/2025\/01\/Polish-Castles-Crossroads-of-Vytautas-Legacy-2.jpg\" class=\"attachment-large size-large wp-post-image\" alt=\"Polish Castles \u2013 Crossroads of Vytautas\u2019 Legacy\" srcset=\"https:\/\/www.vytautasbelt.eu\/wp-content\/uploads\/2025\/01\/Polish-Castles-Crossroads-of-Vytautas-Legacy-2.jpg 1000w, https:\/\/www.vytautasbelt.eu\/wp-content\/uploads\/2025\/01\/Polish-Castles-Crossroads-of-Vytautas-Legacy-2-300x200.jpg 300w\" sizes=\"(max-width: 1000px) 100vw, 1000px\" \/><\/a><div style=\"padding-bottom:75%\"><\/div><\/div><div class=\"w-vwrapper usg_vwrapper_1 align_none valign_top\"><h2 class=\"w-post-elm post_title usg_post_title_1 entry-title color_link_inherit\"><a href=\"https:\/\/www.vytautasbelt.eu\/lt\/polish-castles-crossroads-of-vytautas-legacy\/\">Lenkijos pilys \u2013 Vytauto palikimo kry\u017ekel\u0117<\/a><\/h2><time class=\"w-post-elm post_date usg_post_date_1 has_text_color entry-date published\" datetime=\"2024-12-20T21:33:21+02:00\">20.12.2024<\/time><div class=\"w-post-elm post_content usg_post_content_1\">Lenkijos viduram\u017ei\u0173 pilys puikiai liudija bendros Lietuvos Did\u017eiosios Kunigaik\u0161tyst\u0117s ir Lenkijos Vytauto Did\u017eiojo valdymo istorij\u0105. \u0160ios tvirtov\u0117s &#8211; Drohiczyn pilis, Mielniko pilis ir Bielsko Palenk\u0117s pilis &#8211; atspindi jo, kaip&hellip;<\/div><div class=\"w-text usg_text_1 has_text_color icon_atleft\"><a href=\"https:\/\/www.vytautasbelt.eu\/lt\/polish-castles-crossroads-of-vytautas-legacy\/\" class=\"w-text-h\"><i class=\"far fa-plus\"><\/i><span class=\"w-text-value\">Learn more<\/span><\/a><\/div><\/div><\/div>\t\t<\/div>\n\t\t\t<\/article>\n\t<article class=\"w-grid-item size_1x1 post-984 post type-post status-publish format-standard has-post-thumbnail hentry category-uncategorized-lt\" data-id=\"984\">\n\t\t<div class=\"w-grid-item-h\">\n\t\t\t\t\t\t<div class=\"w-hwrapper usg_hwrapper_1 align_none valign_stretch wrap\" style=\"--hwrapper-gap:0rem\"><div class=\"w-post-elm post_image usg_post_image_1 has_width has_ratio\"><a href=\"https:\/\/www.vytautasbelt.eu\/lt\/lithuanian-castles-guardians-of-vytautas-homeland\/\" aria-label=\"Lietuvos pilys \u2013 Vytauto t\u0117vyn\u0117s serg\u0117tojai\"><img decoding=\"async\" width=\"1000\" height=\"667\" src=\"https:\/\/www.vytautasbelt.eu\/wp-content\/uploads\/2025\/01\/Lithuanian-Castles-Guardians-of-Vytautas-Homeland-1.jpg\" class=\"attachment-large size-large wp-post-image\" alt=\"Lithuanian Castles \u2013 Guardians of Vytautas\u2019 Homeland\" srcset=\"https:\/\/www.vytautasbelt.eu\/wp-content\/uploads\/2025\/01\/Lithuanian-Castles-Guardians-of-Vytautas-Homeland-1.jpg 1000w, https:\/\/www.vytautasbelt.eu\/wp-content\/uploads\/2025\/01\/Lithuanian-Castles-Guardians-of-Vytautas-Homeland-1-300x200.jpg 300w\" sizes=\"(max-width: 1000px) 100vw, 1000px\" \/><\/a><div style=\"padding-bottom:75%\"><\/div><\/div><div class=\"w-vwrapper usg_vwrapper_1 align_none valign_top\"><h2 class=\"w-post-elm post_title usg_post_title_1 entry-title color_link_inherit\"><a href=\"https:\/\/www.vytautasbelt.eu\/lt\/lithuanian-castles-guardians-of-vytautas-homeland\/\">Lietuvos pilys \u2013 Vytauto t\u0117vyn\u0117s serg\u0117tojai<\/a><\/h2><time class=\"w-post-elm post_date usg_post_date_1 has_text_color entry-date published\" datetime=\"2024-12-15T19:38:20+02:00\">15.12.2024<\/time><div class=\"w-post-elm post_content usg_post_content_1\">Viduram\u017ei\u0173 Lietuvos pilys yra daugiau nei architekt\u016bros stebuklai \u2013 tai i\u0161liekantys Vytauto Did\u017eiojo palikimo simboliai. M\u016bs\u0173 kelion\u0117 per turting\u0105 Lietuvos istorij\u0105 i\u0161ry\u0161kina tris ikonines pilis, kuri\u0173 kiekviena turi savo unikali\u0105&hellip;<\/div><div class=\"w-text usg_text_1 has_text_color icon_atleft\"><a href=\"https:\/\/www.vytautasbelt.eu\/lt\/lithuanian-castles-guardians-of-vytautas-homeland\/\" class=\"w-text-h\"><i class=\"far fa-plus\"><\/i><span class=\"w-text-value\">Learn more<\/span><\/a><\/div><\/div><\/div>\t\t<\/div>\n\t\t\t<\/article>\n\t<article class=\"w-grid-item size_1x1 post-1083 post type-post status-publish format-standard has-post-thumbnail hentry category-uncategorized-lt\" data-id=\"1083\">\n\t\t<div class=\"w-grid-item-h\">\n\t\t\t\t\t\t<div class=\"w-hwrapper usg_hwrapper_1 align_none valign_stretch wrap\" style=\"--hwrapper-gap:0rem\"><div class=\"w-post-elm post_image usg_post_image_1 has_width has_ratio\"><a href=\"https:\/\/www.vytautasbelt.eu\/lt\/volyn-foundation-on-the-cultural-relations-between-ukraine-and-the-eu-results-of-2024-international-conference\/\" aria-label=\"Voluin\u0117s fondo tarptautin\u0117 konferencija \u201eUkrainos ir ES kult\u016briniai santykiai: 2024 m. rezultatai\u201c\"><img decoding=\"async\" width=\"1000\" height=\"691\" src=\"https:\/\/www.vytautasbelt.eu\/wp-content\/uploads\/2025\/04\/3.1.jpg\" class=\"attachment-large size-large wp-post-image\" alt=\"\" srcset=\"https:\/\/www.vytautasbelt.eu\/wp-content\/uploads\/2025\/04\/3.1.jpg 1000w, https:\/\/www.vytautasbelt.eu\/wp-content\/uploads\/2025\/04\/3.1-300x207.jpg 300w\" sizes=\"(max-width: 1000px) 100vw, 1000px\" \/><\/a><div style=\"padding-bottom:75%\"><\/div><\/div><div class=\"w-vwrapper usg_vwrapper_1 align_none valign_top\"><h2 class=\"w-post-elm post_title usg_post_title_1 entry-title color_link_inherit\"><a href=\"https:\/\/www.vytautasbelt.eu\/lt\/volyn-foundation-on-the-cultural-relations-between-ukraine-and-the-eu-results-of-2024-international-conference\/\">Voluin\u0117s fondo tarptautin\u0117 konferencija \u201eUkrainos ir ES kult\u016briniai santykiai: 2024 m. rezultatai\u201c<\/a><\/h2><time class=\"w-post-elm post_date usg_post_date_1 has_text_color entry-date published\" datetime=\"2024-12-14T16:16:13+02:00\">14.12.2024<\/time><div class=\"w-post-elm post_content usg_post_content_1\">2024 m. gruod\u017eio 12 d. Voluin\u0117s fondas dalyvavo Kijeve vykusioje tarptautin\u0117je konferencijoje \u201eUkrainos ir ES kult\u016briniai santykiai: 2024 m. rezultatai\u201c. ES programos \u201eK\u016brybi\u0161ka Europa\u201c organizuotas renginys suteik\u0117 platform\u0105 ap\u017evelgti Ukrainos&hellip;<\/div><div class=\"w-text usg_text_1 has_text_color icon_atleft\"><a href=\"https:\/\/www.vytautasbelt.eu\/lt\/volyn-foundation-on-the-cultural-relations-between-ukraine-and-the-eu-results-of-2024-international-conference\/\" class=\"w-text-h\"><i class=\"far fa-plus\"><\/i><span class=\"w-text-value\">Learn more<\/span><\/a><\/div><\/div><\/div>\t\t<\/div>\n\t\t\t<\/article>\n\t<article class=\"w-grid-item size_1x1 post-966 post type-post status-publish format-standard has-post-thumbnail hentry category-uncategorized-lt\" data-id=\"966\">\n\t\t<div class=\"w-grid-item-h\">\n\t\t\t\t\t\t<div class=\"w-hwrapper usg_hwrapper_1 align_none valign_stretch wrap\" style=\"--hwrapper-gap:0rem\"><div class=\"w-post-elm post_image usg_post_image_1 has_width has_ratio\"><a href=\"https:\/\/www.vytautasbelt.eu\/lt\/heritage-under-siege-preserving-ukraine-s-castles-amid-war\/\" aria-label=\"Apgultas paveldas: Ukrainos pili\u0173 i\u0161saugojimas karo metu\"><img decoding=\"async\" width=\"1000\" height=\"800\" src=\"https:\/\/www.vytautasbelt.eu\/wp-content\/uploads\/2024\/08\/Vytautas-Tower.jpg\" class=\"attachment-large size-large wp-post-image\" alt=\"\" srcset=\"https:\/\/www.vytautasbelt.eu\/wp-content\/uploads\/2024\/08\/Vytautas-Tower.jpg 1000w, https:\/\/www.vytautasbelt.eu\/wp-content\/uploads\/2024\/08\/Vytautas-Tower-300x240.jpg 300w\" sizes=\"(max-width: 1000px) 100vw, 1000px\" \/><\/a><div style=\"padding-bottom:75%\"><\/div><\/div><div class=\"w-vwrapper usg_vwrapper_1 align_none valign_top\"><h2 class=\"w-post-elm post_title usg_post_title_1 entry-title color_link_inherit\"><a href=\"https:\/\/www.vytautasbelt.eu\/lt\/heritage-under-siege-preserving-ukraine-s-castles-amid-war\/\">Apgultas paveldas: Ukrainos pili\u0173 i\u0161saugojimas karo metu<\/a><\/h2><time class=\"w-post-elm post_date usg_post_date_1 has_text_color entry-date published\" datetime=\"2024-12-10T19:16:53+02:00\">10.12.2024<\/time><div class=\"w-post-elm post_content usg_post_content_1\">Turtingas Ukrainos kult\u016bros paveldas susiduria su precedento neturin\u010diomis gr\u0117sm\u0117mis, nes besit\u0119sianti Rusijos agresija prie\u0161 Ukrain\u0105 trikdo ir kelia pavoj\u0173 jos istorin\u0117ms vietoms. Su Vytautu Did\u017eiuoju siejami du puik\u016bs orientyrai \u2013&hellip;<\/div><div class=\"w-text usg_text_1 has_text_color icon_atleft\"><a href=\"https:\/\/www.vytautasbelt.eu\/lt\/heritage-under-siege-preserving-ukraine-s-castles-amid-war\/\" class=\"w-text-h\"><i class=\"far fa-plus\"><\/i><span class=\"w-text-value\">Learn more<\/span><\/a><\/div><\/div><\/div>\t\t<\/div>\n\t\t\t<\/article>\n\t<article class=\"w-grid-item size_1x1 post-953 post type-post status-publish format-standard has-post-thumbnail hentry category-uncategorized-lt\" data-id=\"953\">\n\t\t<div class=\"w-grid-item-h\">\n\t\t\t\t\t\t<div class=\"w-hwrapper usg_hwrapper_1 align_none valign_stretch wrap\" style=\"--hwrapper-gap:0rem\"><div class=\"w-post-elm post_image usg_post_image_1 has_width has_ratio\"><a href=\"https:\/\/www.vytautasbelt.eu\/lt\/guardians-of-history-exploring-ukraine-s-castles-through-vytautas-eyes\/\" aria-label=\"Istorijos serg\u0117tojai: Ukrainos pili\u0173 tyrin\u0117jimas Vytauto akimis\"><img decoding=\"async\" width=\"1000\" height=\"800\" src=\"https:\/\/www.vytautasbelt.eu\/wp-content\/uploads\/2024\/09\/Lutsk-Castle.jpg\" class=\"attachment-large size-large wp-post-image\" alt=\"\" srcset=\"https:\/\/www.vytautasbelt.eu\/wp-content\/uploads\/2024\/09\/Lutsk-Castle.jpg 1000w, https:\/\/www.vytautasbelt.eu\/wp-content\/uploads\/2024\/09\/Lutsk-Castle-300x240.jpg 300w\" sizes=\"(max-width: 1000px) 100vw, 1000px\" \/><\/a><div style=\"padding-bottom:75%\"><\/div><\/div><div class=\"w-vwrapper usg_vwrapper_1 align_none valign_top\"><h2 class=\"w-post-elm post_title usg_post_title_1 entry-title color_link_inherit\"><a href=\"https:\/\/www.vytautasbelt.eu\/lt\/guardians-of-history-exploring-ukraine-s-castles-through-vytautas-eyes\/\">Istorijos serg\u0117tojai: Ukrainos pili\u0173 tyrin\u0117jimas Vytauto akimis<\/a><\/h2><time class=\"w-post-elm post_date usg_post_date_1 has_text_color entry-date published\" datetime=\"2024-12-05T18:30:31+02:00\">05.12.2024<\/time><div class=\"w-post-elm post_content usg_post_content_1\">Ukrainos istorin\u0117s pilys yra ne tik akmuo ir skiedinys \u2013 jos pasakoja apie Vytauto Did\u017eiojo atsparumo, diplomatijos ir kult\u016brin\u0117s reik\u0161m\u0117s palikim\u0105. D\u0117ka DGTRAN projekto, kuriam vadovauja Volyn\u0117s fondas, \u0161ios monumentalios&hellip;<\/div><div class=\"w-text usg_text_1 has_text_color icon_atleft\"><a href=\"https:\/\/www.vytautasbelt.eu\/lt\/guardians-of-history-exploring-ukraine-s-castles-through-vytautas-eyes\/\" class=\"w-text-h\"><i class=\"far fa-plus\"><\/i><span class=\"w-text-value\">Learn more<\/span><\/a><\/div><\/div><\/div>\t\t<\/div>\n\t\t\t<\/article>\n\t<article class=\"w-grid-item size_1x1 post-939 post type-post status-publish format-standard has-post-thumbnail hentry category-uncategorized-lt\" data-id=\"939\">\n\t\t<div class=\"w-grid-item-h\">\n\t\t\t\t\t\t<div class=\"w-hwrapper usg_hwrapper_1 align_none valign_stretch wrap\" style=\"--hwrapper-gap:0rem\"><div class=\"w-post-elm post_image usg_post_image_1 has_width has_ratio\"><a href=\"https:\/\/www.vytautasbelt.eu\/lt\/building-bridges-how-volyn-foundation-and-dgtran-began-preserving-vytautas-legacy-across-borders\/\" aria-label=\"Tilt\u0173 statyba: kaip Voluin\u0117s fondas ir DGTRAN prad\u0117jo saugoti Vytauto palikim\u0105 per sienas\"><img decoding=\"async\" width=\"1024\" height=\"684\" src=\"https:\/\/www.vytautasbelt.eu\/wp-content\/uploads\/2024\/11\/Building-Bridges-How-Volyn-Foundation-and-DGTRAN-Began-Preserving-Vytautas-Legacy-Across-Borders-1024x684.jpg\" class=\"attachment-large size-large wp-post-image\" alt=\"Building Bridges How Volyn Foundation and DGTRAN Began Preserving Vytautas\u2019 Legacy Across Borders\" srcset=\"https:\/\/www.vytautasbelt.eu\/wp-content\/uploads\/2024\/11\/Building-Bridges-How-Volyn-Foundation-and-DGTRAN-Began-Preserving-Vytautas-Legacy-Across-Borders-1024x684.jpg 1024w, https:\/\/www.vytautasbelt.eu\/wp-content\/uploads\/2024\/11\/Building-Bridges-How-Volyn-Foundation-and-DGTRAN-Began-Preserving-Vytautas-Legacy-Across-Borders-300x200.jpg 300w, https:\/\/www.vytautasbelt.eu\/wp-content\/uploads\/2024\/11\/Building-Bridges-How-Volyn-Foundation-and-DGTRAN-Began-Preserving-Vytautas-Legacy-Across-Borders.jpg 1200w\" sizes=\"(max-width: 1024px) 100vw, 1024px\" \/><\/a><div style=\"padding-bottom:75%\"><\/div><\/div><div class=\"w-vwrapper usg_vwrapper_1 align_none valign_top\"><h2 class=\"w-post-elm post_title usg_post_title_1 entry-title color_link_inherit\"><a href=\"https:\/\/www.vytautasbelt.eu\/lt\/building-bridges-how-volyn-foundation-and-dgtran-began-preserving-vytautas-legacy-across-borders\/\">Tilt\u0173 statyba: kaip Voluin\u0117s fondas ir DGTRAN prad\u0117jo saugoti Vytauto palikim\u0105 per sienas<\/a><\/h2><time class=\"w-post-elm post_date usg_post_date_1 has_text_color entry-date published\" datetime=\"2024-11-30T17:44:32+02:00\">30.11.2024<\/time><div class=\"w-post-elm post_content usg_post_content_1\">Ko reikia, kad \u0161imtme\u010di\u0173 senumo pilis atgaivint\u0173? Voluin\u0117s fondui ir projektui \u201eSkaitmenin\u0117 transformacija siekiant kult\u016bros paveldo paj\u0117gum\u0173 stiprinimo Lietuvoje, Lenkijoje ir Ukrainoje\u201c (DGTRAN) jis prasideda nuo naujovi\u0173, bendradarbiavimo ir bendros&hellip;<\/div><div class=\"w-text usg_text_1 has_text_color icon_atleft\"><a href=\"https:\/\/www.vytautasbelt.eu\/lt\/building-bridges-how-volyn-foundation-and-dgtran-began-preserving-vytautas-legacy-across-borders\/\" class=\"w-text-h\"><i class=\"far fa-plus\"><\/i><span class=\"w-text-value\">Learn more<\/span><\/a><\/div><\/div><\/div>\t\t<\/div>\n\t\t\t<\/article>\n<\/div><div class=\"w-grid-preloader\">\t<div class=\"g-preloader type_1\">\n\t\t<div><\/div>\n\t<\/div>\n\t<\/div>\t\t\t<nav class=\"pagination navigation\" role=\"navigation\">\n\t\t\t\t<div class=\"nav-links custom us-nav-style_3\">\n\t\t\t\t\t<span aria-current=\"page\" class=\"page-numbers current\"><span>1<\/span><\/span>\n<a class=\"page-numbers\" href=\"https:\/\/www.vytautasbelt.eu\/lt\/wp-json\/wp\/v2\/pages\/838\/page\/2\/\"><span>2<\/span><\/a>\n<a class=\"page-numbers\" href=\"https:\/\/www.vytautasbelt.eu\/lt\/wp-json\/wp\/v2\/pages\/838\/page\/3\/\"><span>3<\/span><\/a>\n<a class=\"next page-numbers\" href=\"https:\/\/www.vytautasbelt.eu\/lt\/wp-json\/wp\/v2\/pages\/838\/page\/2\/\"><span>Toliau<\/span><\/a>\t\t\t\t<\/div>\n\t\t\t<\/nav>\n\t\t\t\t<div class=\"w-grid-json hidden\" onclick='return {&quot;action&quot;:&quot;us_ajax_grid&quot;,&quot;infinite_scroll&quot;:0,&quot;max_num_pages&quot;:3,&quot;pagination&quot;:&quot;regular&quot;,&quot;template_vars&quot;:{&quot;columns&quot;:&quot;1&quot;,&quot;exclude_items&quot;:&quot;none&quot;,&quot;img_size&quot;:&quot;default&quot;,&quot;ignore_items_size&quot;:0,&quot;items_layout&quot;:&quot;183&quot;,&quot;items_offset&quot;:&quot;1&quot;,&quot;load_animation&quot;:&quot;none&quot;,&quot;overriding_link&quot;:&quot;%7B%22url%22%3A%22%22%7D&quot;,&quot;post_id&quot;:0,&quot;query_args&quot;:{&quot;post_type&quot;:[&quot;post&quot;],&quot;post_status&quot;:[&quot;publish&quot;],&quot;posts_per_page&quot;:&quot;8&quot;},&quot;orderby_query_args&quot;:{&quot;orderby&quot;:{&quot;date&quot;:&quot;DESC&quot;}},&quot;type&quot;:&quot;grid&quot;,&quot;us_grid_post_type&quot;:&quot;post&quot;,&quot;us_grid_ajax_index&quot;:1,&quot;us_grid_filter_query_string&quot;:null,&quot;us_grid_index&quot;:1,&quot;page_args&quot;:[],&quot;lang&quot;:&quot;lt&quot;}}'><\/div>\n\t<\/div><\/div><\/div><\/div><\/div><\/section>\n","protected":false},"excerpt":{"rendered":"Ko reikia, kad \u0161imtme\u010di\u0173 senumo pilis atgaivint\u0173? Voluin\u0117s fondui ir projektui \u201eSkaitmenin\u0117 transformacija siekiant kult\u016bros paveldo paj\u0117gum\u0173 stiprinimo Lietuvoje, Lenkijoje ir Ukrainoje\u201c (DGTRAN) jis prasideda nuo naujovi\u0173, bendradarbiavimo ir bendros meil\u0117s istorijai. Palaikomos programos \u201eK\u016brybi\u0161ka Europa\u201c, m\u016bs\u0173 tarptautin\u0117s pastangos naudoja pa\u017eangiausias 3D ir AR technologijas, kad i\u0161saugotume istorines vietas, susijusias su Vytautu Did\u017eiuoju Ukrainoje, Lenkijoje...","protected":false},"author":1,"featured_media":0,"parent":0,"menu_order":0,"comment_status":"closed","ping_status":"closed","template":"","meta":{"footnotes":""},"class_list":["post-838","page","type-page","status-publish","hentry"],"_links":{"self":[{"href":"https:\/\/www.vytautasbelt.eu\/lt\/wp-json\/wp\/v2\/pages\/838","targetHints":{"allow":["GET"]}}],"collection":[{"href":"https:\/\/www.vytautasbelt.eu\/lt\/wp-json\/wp\/v2\/pages"}],"about":[{"href":"https:\/\/www.vytautasbelt.eu\/lt\/wp-json\/wp\/v2\/types\/page"}],"author":[{"embeddable":true,"href":"https:\/\/www.vytautasbelt.eu\/lt\/wp-json\/wp\/v2\/users\/1"}],"replies":[{"embeddable":true,"href":"https:\/\/www.vytautasbelt.eu\/lt\/wp-json\/wp\/v2\/comments?post=838"}],"version-history":[{"count":0,"href":"https:\/\/www.vytautasbelt.eu\/lt\/wp-json\/wp\/v2\/pages\/838\/revisions"}],"wp:attachment":[{"href":"https:\/\/www.vytautasbelt.eu\/lt\/wp-json\/wp\/v2\/media?parent=838"}],"curies":[{"name":"wp","href":"https:\/\/api.w.org\/{rel}","templated":true}]}}